{"id":676,"date":"2019-05-16T22:31:39","date_gmt":"2019-05-16T22:31:39","guid":{"rendered":"https:\/\/www.isfdaycare.org\/contact\/"},"modified":"2021-11-19T18:52:57","modified_gmt":"2021-11-19T18:52:57","slug":"contact","status":"publish","type":"page","link":"https:\/\/www.isfdaycare.org\/fr\/contact\/","title":{"rendered":"Contact"},"content":{"rendered":"<p>[vc_row][vc_column][vc_column_text]Les cr\u00e8ches ISF International sont situ\u00e9es dans deux des banlieues les plus verdoyantes, conviviales et familiales juste \u00e0 l\u2019ext\u00e9rieur de Bruxelles, \u00e0 Waterloo et \u00e0 Tervuren.[\/vc_column_text][\/vc_column][\/vc_row][vc_row css=\u00a0\u00bb.vc_custom_1558290043481{margin-left: 10px !important;}\u00a0\u00bb][vc_column width=\u00a0\u00bb1\/2&Prime; css=\u00a0\u00bb.vc_custom_1558290035447{margin-right: 10px !important;}\u00a0\u00bb][vc_column_text]<\/p>\n<h2 style=\"text-align: center;\"><span style=\"text-decoration: underline;\">ISF International CR\u00c8CHE Waterloo<\/span><\/h2>\n<h3><strong>Itin\u00e9raire D\u2019acc\u00e8s<\/strong><\/h3>\n<div id=\"main_body\">\n<p><b>En Bus:<\/b>\u00a0les bus TEC W et 365 (direction Braine-L\u2019Alleud) partent de la gare de Bruxelles-Midi et s\u2019arr\u00eatent juste devant l\u2019\u00e9cole (arr\u00eat Rhode-Saint-Genese Avenue du Manoir). Consulter\u00a0<a href=\"http:\/\/www.infotec.be\/\" target=\"_blank\" rel=\"noopener noreferrer\" data-saferedirecturl=\"https:\/\/www.google.com\/url?q=http:\/\/www.infotec.be\/&amp;source=gmail&amp;ust=1559398985096000&amp;usg=AFQjCNHNgqfYj4Hj2FYLbxbniEpBbTgDlg\">www.infotec.be<\/a>\u00a0pour plus de d\u00e9tails sur les horaires.<\/p>\n<p><b>En Train:<\/b> depuis les gares de Bruxelles-Midi, Bruxelles-Central ou Bruxelles-Nord, prenez la direction de la gare de Waterloo. Continuez en marchant pendant 10 minutes sur la Rue de la station jusqu\u2019\u00e0 la Chauss\u00e9e de Bruxelles. Traversez la route jusqu\u2019\u00e0 l\u2019arr\u00eat de bus \u00ab Waterloo \u00c9glise \u00bb. A partir d\u2019ici, l\u2019\u00e9cole se trouve \u00e0 quelques minutes en bus. Les num\u00e9ros 365 et W s\u2019arr\u00eatent tous les deux devant l\u2019\u00e9cole. Consulter <a href=\"http:\/\/www.belgianrail.be\" target=\"_blank\" rel=\"noopener noreferrer\">www.belgianrail.be<\/a> et <a href=\"http:\/\/www.infotec.be\" target=\"_blank\" rel=\"noopener noreferrer\">www.infotec.be<\/a> pour les horaires.<\/p>\n<\/div>\n<p>[\/vc_column_text][\/vc_column][vc_column width=\u00a0\u00bb1\/2&Prime;][vc_column_text]<\/p>\n<h2 style=\"text-align: center;\"><span style=\"text-decoration: underline;\">ISF International CR\u00c8CHE Tervuren<\/span><\/h2>\n<h3><strong>Itin\u00e9raire D\u2019acc\u00e8s<\/strong><\/h3>\n<div id=\"main_body\">\n<p>L\u2019\u00e9cole est facilement accessible depuis Bruxelles, Zaventem, Louvain, Overijse et Tervuren via les autoroutes E411, E40, N3 et R0 (Ring).<\/p>\n<p><strong>En Tramway:<\/strong>\u00a0Le tramway 44, direction Tervuren, conduit les passagers au terminus de Tervuren \u00e0 20 minutes \u00e0 pied de notre campus.<\/p>\n<p><strong>En Bus:<\/strong>\u00a0Les 316 et 616 en direction de Louvain\/Bruxelles s\u2019arr\u00eatent juste devant notre \u00e9cole. Les itin\u00e9raires peuvent \u00eatre planifi\u00e9s \u00e0 l\u2019adresse\u00a0<a href=\"https:\/\/www.delijn.be\/en\/routeplanner\/\" target=\"_blank\" rel=\"noopener noreferrer\" data-type=\"external\">De Lijn\u00a0Route Planner<\/a>.<\/p>\n<\/div>\n<p>[\/vc_column_text][\/vc_column][\/vc_row][vc_row][vc_column width=\u00a0\u00bb1\/2&Prime; css=\u00a0\u00bb.vc_custom_1558290623779{margin-right: 10px !important;background-color: #efefef !important;border-radius: 10px !important;}\u00a0\u00bb][vc_column_text]<\/p>\n<h4 style=\"text-align: center;\">Formulaire de Contact<\/h4>\n<p>[\/vc_column_text]<p class=\"wpcf7-contact-form-not-found\"><strong>Erreur\u00a0:<\/strong> Formulaire de contact non trouv\u00e9\u00a0!<\/p>[vc_column_text]<\/p>\n<p>[\/vc_column_text][\/vc_column][vc_column width=\u00a0\u00bb1\/2&Prime; css=\u00a0\u00bb.vc_custom_1558290634103{margin-left: 10px !important;background-color: #efefef !important;border-radius: 10px !important;}\u00a0\u00bb][vc_column_text]<\/p>\n<h4 style=\"text-align: center;\">Formulaire de Contact<\/h4>\n<p>[\/vc_column_text]<p class=\"wpcf7-contact-form-not-found\"><strong>Erreur\u00a0:<\/strong> Formulaire de contact non trouv\u00e9\u00a0!<\/p>[vc_column_text]<\/p>\n<p>[\/vc_column_text][\/vc_column][\/vc_row][vc_row][vc_column width=\u00a0\u00bb1\/4&Prime;][vc_column_text]<\/p>\n<h3 style=\"text-align: center;\">Comment Nous Trouver<\/h3>\n<p>[\/vc_column_text][vc_column_text]<\/p>\n<p style=\"text-align: left;\"><span style=\"color: #0d2d54; font-size: 25px; font-style: normal; font-weight: bold;\">ISF International CR\u00c8CHE Waterloo<\/span><\/p>\n<address style=\"color: #0d2d54; font-size: 17px; font-style: normal; font-weight: bold; display: block; position: relative;\"><a style=\"color: #0d2d54;\" href=\"https:\/\/goo.gl\/maps\/1nmQWttk6PijvRsu8\" target=\"_blank\" rel=\"noopener noreferrer\"><span class=\"icon\" style=\"color: #23c9ff;\">\ue791<\/span> Waterloosesteenweg 280<br \/>\n1640 Sint-Genesius-Rode<br \/>\nBelgium<\/a><br \/>\n<a style=\"color: #0d2d54;\" href=\"tel:+32473121344\"><span class=\"icon\" style=\"color: #23c9ff;\">\ue812<\/span> +32 473 12 13 44<\/a><br \/>\n<a style=\"color: #0d2d54;\" title=\"Contact ISFWaterloo@isfdaycare.org\" href=\"mailto:ISFWaterloo@isfdaycare.org\"><span class=\"icon\" style=\"color: #23c9ff;\">\ue767<\/span> Email Us<\/a><\/address>\n<p>[\/vc_column_text]<div class=\"clearboth\"><\/div><div class=\"sc-divider sc-divider-style-2\" style=\"margin-top: 7px;margin-bottom: 20px;border-color: #efefef;\"><\/div>[vc_column_text]<\/p>\n<p style=\"text-align: left;\"><span style=\"color: #0d2d54; font-size: 25px; font-style: normal; font-weight: bold;\">ISF International CR\u00c8CHE Tervuren<\/span><\/p>\n<address class=\"aligncenter\" style=\"color: #0d2d54; font-size: 17px; font-style: normal; font-weight: bold; display: block; position: relative;\"><a style=\"color: #0d2d54;\" href=\"https:\/\/goo.gl\/maps\/gBL1ujRnFhrVtaD27\" target=\"_blank\" rel=\"noopener noreferrer\"> <span class=\"icon\" style=\"color: #23c9ff;\">\ue791<\/span> Stationsstraat 6<br \/>\n3080 Tervuren<br \/>\nBelgium<\/a><br \/>\n<a style=\"color: #0d2d54;\" href=\"tel:+32470117503\"><span class=\"icon\" style=\"color: #23c9ff;\">\ue812<\/span> +32 470 11 75 03<\/a><br \/>\n<a style=\"color: #0d2d54;\" title=\"Contact ISFTervuren@isfdaycare.org\" href=\"mailto:ISFTervuren@isfdaycare.org\"><span class=\"icon\" style=\"color: #23c9ff;\">\ue767<\/span> Email Us<\/a><\/address>\n<p>[\/vc_column_text][\/vc_column][vc_column width=\u00a0\u00bb3\/4&Prime;]<div class=\"sc-map-with-text rounded-corners\"><div class=\"sc-map-with-text-content\" style=\"\"><\/div><div class=\"sc-map-with-text-map\">[vc_gmaps link=\"#E-8_aHR0cHMlM0ElMkYlMkZ3d3cuZ29vZ2xlLmNvbSUyRm1hcHMlMkZkJTJGZW1iZWQlM0ZtaWQlM0QxTkFxallWRUE5WkpBb3JaVlBYSVlOcnhHYXI4cEwyN1AlMjZsbCUzRDUwLjgxMzkxMDIwMDUwOTk0NSUyNTJDNC40MDU3OTc1NTU1OTIzNTglMjZ6JTNEMTE=\" size=\"646\" disable_scroll=\"\"]<\/div><\/div>[\/vc_column][\/vc_row]<\/p>\n","protected":false},"excerpt":{"rendered":"<p>[vc_row][vc_column][vc_column_text]Les cr\u00e8ches ISF International sont situ\u00e9es dans deux des banlieues les plus verdoyantes, conviviales et familiales juste \u00e0 l\u2019ext\u00e9rieur de&#8230;<\/p>\n","protected":false},"author":1,"featured_media":0,"parent":0,"menu_order":0,"comment_status":"closed","ping_status":"closed","template":"","meta":{"footnotes":""},"class_list":["post-676","page","type-page","status-publish","hentry"],"yoast_head":"<!-- This site is optimized with the Yoast SEO plugin v26.5 - https:\/\/yoast.com\/wordpress\/plugins\/seo\/ -->\n<title>Contact - ISF International CR\u00c8CHE<\/title>\n<meta name=\"robots\" content=\"index, follow, max-snippet:-1, max-image-preview:large, max-video-preview:-1\" \/>\n<link rel=\"canonical\" href=\"https:\/\/www.isfdaycare.org\/fr\/contact\/\" \/>\n<meta property=\"og:locale\" content=\"fr_FR\" \/>\n<meta property=\"og:type\" content=\"article\" \/>\n<meta property=\"og:title\" content=\"Contact - ISF International CR\u00c8CHE\" \/>\n<meta property=\"og:description\" content=\"[vc_row][vc_column][vc_column_text]Les cr\u00e8ches ISF International sont situ\u00e9es dans deux des banlieues les plus verdoyantes, conviviales et familiales juste \u00e0 l\u2019ext\u00e9rieur de...\" \/>\n<meta property=\"og:url\" content=\"https:\/\/www.isfdaycare.org\/fr\/contact\/\" \/>\n<meta property=\"og:site_name\" content=\"ISF International CR\u00c8CHE\" \/>\n<meta property=\"article:publisher\" content=\"https:\/\/www.facebook.com\/isfinternationaldaycare\/\" \/>\n<meta property=\"article:modified_time\" content=\"2021-11-19T18:52:57+00:00\" \/>\n<meta name=\"twitter:card\" content=\"summary_large_image\" \/>\n<meta name=\"twitter:label1\" content=\"Dur\u00e9e de lecture estim\u00e9e\" \/>\n\t<meta name=\"twitter:data1\" content=\"2 minutes\" \/>\n<script type=\"application\/ld+json\" class=\"yoast-schema-graph\">{\"@context\":\"https:\/\/schema.org\",\"@graph\":[{\"@type\":\"WebPage\",\"@id\":\"https:\/\/www.isfdaycare.org\/fr\/contact\/\",\"url\":\"https:\/\/www.isfdaycare.org\/fr\/contact\/\",\"name\":\"Contact - ISF International CR\u00c8CHE\",\"isPartOf\":{\"@id\":\"https:\/\/www.isfdaycare.org\/fr\/#website\"},\"datePublished\":\"2019-05-16T22:31:39+00:00\",\"dateModified\":\"2021-11-19T18:52:57+00:00\",\"breadcrumb\":{\"@id\":\"https:\/\/www.isfdaycare.org\/fr\/contact\/#breadcrumb\"},\"inLanguage\":\"fr-FR\",\"potentialAction\":[{\"@type\":\"ReadAction\",\"target\":[\"https:\/\/www.isfdaycare.org\/fr\/contact\/\"]}]},{\"@type\":\"BreadcrumbList\",\"@id\":\"https:\/\/www.isfdaycare.org\/fr\/contact\/#breadcrumb\",\"itemListElement\":[{\"@type\":\"ListItem\",\"position\":1,\"name\":\"Home\",\"item\":\"https:\/\/www.isfdaycare.org\/fr\/\"},{\"@type\":\"ListItem\",\"position\":2,\"name\":\"Contact\"}]},{\"@type\":\"WebSite\",\"@id\":\"https:\/\/www.isfdaycare.org\/fr\/#website\",\"url\":\"https:\/\/www.isfdaycare.org\/fr\/\",\"name\":\"ISF International CR\u00c8CHE\",\"description\":\"Grandir, apprendre, briller en Tervuren et Waterloo\",\"publisher\":{\"@id\":\"https:\/\/www.isfdaycare.org\/fr\/#organization\"},\"potentialAction\":[{\"@type\":\"SearchAction\",\"target\":{\"@type\":\"EntryPoint\",\"urlTemplate\":\"https:\/\/www.isfdaycare.org\/fr\/?s={search_term_string}\"},\"query-input\":{\"@type\":\"PropertyValueSpecification\",\"valueRequired\":true,\"valueName\":\"search_term_string\"}}],\"inLanguage\":\"fr-FR\"},{\"@type\":\"Organization\",\"@id\":\"https:\/\/www.isfdaycare.org\/fr\/#organization\",\"name\":\"ISF International DAYCARE\",\"url\":\"https:\/\/www.isfdaycare.org\/fr\/\",\"logo\":{\"@type\":\"ImageObject\",\"inLanguage\":\"fr-FR\",\"@id\":\"https:\/\/www.isfdaycare.org\/fr\/#\/schema\/logo\/image\/\",\"url\":\"https:\/\/www.isfdaycare.org\/wp-content\/uploads\/2019\/06\/cropped-icon-180x180.png\",\"contentUrl\":\"https:\/\/www.isfdaycare.org\/wp-content\/uploads\/2019\/06\/cropped-icon-180x180.png\",\"width\":180,\"height\":180,\"caption\":\"ISF International DAYCARE\"},\"image\":{\"@id\":\"https:\/\/www.isfdaycare.org\/fr\/#\/schema\/logo\/image\/\"},\"sameAs\":[\"https:\/\/www.facebook.com\/isfinternationaldaycare\/\"]}]}<\/script>\n<!-- \/ Yoast SEO plugin. -->","yoast_head_json":{"title":"Contact - ISF International CR\u00c8CHE","robots":{"index":"index","follow":"follow","max-snippet":"max-snippet:-1","max-image-preview":"max-image-preview:large","max-video-preview":"max-video-preview:-1"},"canonical":"https:\/\/www.isfdaycare.org\/fr\/contact\/","og_locale":"fr_FR","og_type":"article","og_title":"Contact - ISF International CR\u00c8CHE","og_description":"[vc_row][vc_column][vc_column_text]Les cr\u00e8ches ISF International sont situ\u00e9es dans deux des banlieues les plus verdoyantes, conviviales et familiales juste \u00e0 l\u2019ext\u00e9rieur de...","og_url":"https:\/\/www.isfdaycare.org\/fr\/contact\/","og_site_name":"ISF International CR\u00c8CHE","article_publisher":"https:\/\/www.facebook.com\/isfinternationaldaycare\/","article_modified_time":"2021-11-19T18:52:57+00:00","twitter_card":"summary_large_image","twitter_misc":{"Dur\u00e9e de lecture estim\u00e9e":"2 minutes"},"schema":{"@context":"https:\/\/schema.org","@graph":[{"@type":"WebPage","@id":"https:\/\/www.isfdaycare.org\/fr\/contact\/","url":"https:\/\/www.isfdaycare.org\/fr\/contact\/","name":"Contact - ISF International CR\u00c8CHE","isPartOf":{"@id":"https:\/\/www.isfdaycare.org\/fr\/#website"},"datePublished":"2019-05-16T22:31:39+00:00","dateModified":"2021-11-19T18:52:57+00:00","breadcrumb":{"@id":"https:\/\/www.isfdaycare.org\/fr\/contact\/#breadcrumb"},"inLanguage":"fr-FR","potentialAction":[{"@type":"ReadAction","target":["https:\/\/www.isfdaycare.org\/fr\/contact\/"]}]},{"@type":"BreadcrumbList","@id":"https:\/\/www.isfdaycare.org\/fr\/contact\/#breadcrumb","itemListElement":[{"@type":"ListItem","position":1,"name":"Home","item":"https:\/\/www.isfdaycare.org\/fr\/"},{"@type":"ListItem","position":2,"name":"Contact"}]},{"@type":"WebSite","@id":"https:\/\/www.isfdaycare.org\/fr\/#website","url":"https:\/\/www.isfdaycare.org\/fr\/","name":"ISF International CR\u00c8CHE","description":"Grandir, apprendre, briller en Tervuren et Waterloo","publisher":{"@id":"https:\/\/www.isfdaycare.org\/fr\/#organization"},"potentialAction":[{"@type":"SearchAction","target":{"@type":"EntryPoint","urlTemplate":"https:\/\/www.isfdaycare.org\/fr\/?s={search_term_string}"},"query-input":{"@type":"PropertyValueSpecification","valueRequired":true,"valueName":"search_term_string"}}],"inLanguage":"fr-FR"},{"@type":"Organization","@id":"https:\/\/www.isfdaycare.org\/fr\/#organization","name":"ISF International DAYCARE","url":"https:\/\/www.isfdaycare.org\/fr\/","logo":{"@type":"ImageObject","inLanguage":"fr-FR","@id":"https:\/\/www.isfdaycare.org\/fr\/#\/schema\/logo\/image\/","url":"https:\/\/www.isfdaycare.org\/wp-content\/uploads\/2019\/06\/cropped-icon-180x180.png","contentUrl":"https:\/\/www.isfdaycare.org\/wp-content\/uploads\/2019\/06\/cropped-icon-180x180.png","width":180,"height":180,"caption":"ISF International DAYCARE"},"image":{"@id":"https:\/\/www.isfdaycare.org\/fr\/#\/schema\/logo\/image\/"},"sameAs":["https:\/\/www.facebook.com\/isfinternationaldaycare\/"]}]}},"_links":{"self":[{"href":"https:\/\/www.isfdaycare.org\/fr\/wp-json\/wp\/v2\/pages\/676","targetHints":{"allow":["GET"]}}],"collection":[{"href":"https:\/\/www.isfdaycare.org\/fr\/wp-json\/wp\/v2\/pages"}],"about":[{"href":"https:\/\/www.isfdaycare.org\/fr\/wp-json\/wp\/v2\/types\/page"}],"author":[{"embeddable":true,"href":"https:\/\/www.isfdaycare.org\/fr\/wp-json\/wp\/v2\/users\/1"}],"replies":[{"embeddable":true,"href":"https:\/\/www.isfdaycare.org\/fr\/wp-json\/wp\/v2\/comments?post=676"}],"version-history":[{"count":0,"href":"https:\/\/www.isfdaycare.org\/fr\/wp-json\/wp\/v2\/pages\/676\/revisions"}],"wp:attachment":[{"href":"https:\/\/www.isfdaycare.org\/fr\/wp-json\/wp\/v2\/media?parent=676"}],"curies":[{"name":"wp","href":"https:\/\/api.w.org\/{rel}","templated":true}]}}