{"id":169,"date":"2019-05-19T23:40:48","date_gmt":"2019-05-19T22:40:48","guid":{"rendered":"https:\/\/www.isfdaycare.org\/isftervuren\/admissions-fees\/"},"modified":"2023-07-13T11:27:47","modified_gmt":"2023-07-13T10:27:47","slug":"admissions-frais","status":"publish","type":"page","link":"https:\/\/www.isfdaycare.org\/isftervuren\/fr\/admissions-frais\/","title":{"rendered":"Admissions &#038; Frais"},"content":{"rendered":"<p>[vc_row][vc_column][vc_column_text]<strong>Les heures d\u2019ouverture sont de 07h 30 \u00e0 18h 30<\/strong>[\/vc_column_text][vc_column_text]<\/p>\n<h2>Tarifs<\/h2>\n<p><span style=\"font-weight: 400;\">Le tarif de la cr\u00e8che est bas\u00e9 sur le revenu familial avec un minimum de 1,89 \u20ac et un maximum de 33,31 \u20ac par jour. De plus, 2,95 \u20ac par jour vous seront factur\u00e9s pour les couches, les lingettes humides et les mouchoirs et 4,20 \u20ac par mois au titre des frais administratifs.<\/span><a href=\"https:\/\/mijn.kindengezin.be\/\" target=\"_blank\" rel=\"noopener noreferrer\"><br \/>\n<\/a><\/p>\n<p><span style=\"font-weight: 400;\">Si vous souhaitez en savoir plus sur les frais, veuillez nous contacter et nous vous aiderons \u00e0 faire une simulation des frais. Vous pouvez \u00e9galement acc\u00e9der \u00e0 une simulation de tarif vous-m\u00eame via ce lien (vous devrez vous connecter avec votre carte d\u2019identit\u00e9, un jeton ou son nom): <\/span><a href=\"https:\/\/mijn.kindengezin.be\/\" target=\"_blank\" rel=\"noopener noreferrer\">https:\/\/mijn.kindengezin.be\/<\/a><\/p>\n<h2>Frais d\u2019inscription remboursables<\/h2>\n<p><span style=\"font-weight: 400;\">Des frais d\u2019inscription remboursables de 50 \u20ac \u00e0 250 \u20ac (\u00e9galement en fonction de vos revenus) sont payables \u00e0 l\u2019inscription par virement bancaire dans les sept jours. La place pour votre enfant ne sera r\u00e9serv\u00e9e qu\u2019une fois le versement re\u00e7u. Ces frais remboursables seront d\u00e9duits de la derni\u00e8re facture que vous recevrez du service de cr\u00e8che.<\/span>[\/vc_column_text][\/vc_column][\/vc_row]<\/p>\n","protected":false},"excerpt":{"rendered":"<p>[vc_row][vc_column][vc_column_text]Les heures d\u2019ouverture sont de 07h 30 \u00e0 18h 30[\/vc_column_text][vc_column_text] Tarifs Le tarif de la cr\u00e8che est bas\u00e9 sur le&#8230;<\/p>\n","protected":false},"author":1,"featured_media":0,"parent":0,"menu_order":0,"comment_status":"closed","ping_status":"closed","template":"","meta":{"footnotes":""},"class_list":["post-169","page","type-page","status-publish","hentry"],"yoast_head":"<!-- This site is optimized with the Yoast SEO plugin v26.5 - https:\/\/yoast.com\/wordpress\/plugins\/seo\/ -->\n<title>Admissions &amp; Frais - Isf Tervuren Cr\u00e8che<\/title>\n<meta name=\"robots\" content=\"index, follow, max-snippet:-1, max-image-preview:large, max-video-preview:-1\" \/>\n<link rel=\"canonical\" href=\"https:\/\/www.isfdaycare.org\/isftervuren\/fr\/admissions-frais\/\" \/>\n<meta property=\"og:locale\" content=\"fr_FR\" \/>\n<meta property=\"og:type\" content=\"article\" \/>\n<meta property=\"og:title\" content=\"Admissions &amp; Frais - Isf Tervuren Cr\u00e8che\" \/>\n<meta property=\"og:description\" content=\"[vc_row][vc_column][vc_column_text]Les heures d\u2019ouverture sont de 07h 30 \u00e0 18h 30[\/vc_column_text][vc_column_text] Tarifs Le tarif de la cr\u00e8che est bas\u00e9 sur le...\" \/>\n<meta property=\"og:url\" content=\"https:\/\/www.isfdaycare.org\/isftervuren\/fr\/admissions-frais\/\" \/>\n<meta property=\"og:site_name\" content=\"Isf Tervuren Cr\u00e8che\" \/>\n<meta property=\"article:publisher\" content=\"https:\/\/www.facebook.com\/isfinternationaldaycare\/\" \/>\n<meta property=\"article:modified_time\" content=\"2023-07-13T10:27:47+00:00\" \/>\n<meta name=\"twitter:card\" content=\"summary_large_image\" \/>\n<meta name=\"twitter:label1\" content=\"Dur\u00e9e de lecture estim\u00e9e\" \/>\n\t<meta name=\"twitter:data1\" content=\"1 minute\" \/>\n<script type=\"application\/ld+json\" class=\"yoast-schema-graph\">{\"@context\":\"https:\/\/schema.org\",\"@graph\":[{\"@type\":\"WebPage\",\"@id\":\"https:\/\/www.isfdaycare.org\/isftervuren\/fr\/admissions-frais\/\",\"url\":\"https:\/\/www.isfdaycare.org\/isftervuren\/fr\/admissions-frais\/\",\"name\":\"Admissions & Frais - Isf Tervuren Cr\u00e8che\",\"isPartOf\":{\"@id\":\"https:\/\/www.isfdaycare.org\/isftervuren\/fr\/#website\"},\"datePublished\":\"2019-05-19T22:40:48+00:00\",\"dateModified\":\"2023-07-13T10:27:47+00:00\",\"breadcrumb\":{\"@id\":\"https:\/\/www.isfdaycare.org\/isftervuren\/fr\/admissions-frais\/#breadcrumb\"},\"inLanguage\":\"fr-FR\",\"potentialAction\":[{\"@type\":\"ReadAction\",\"target\":[\"https:\/\/www.isfdaycare.org\/isftervuren\/fr\/admissions-frais\/\"]}]},{\"@type\":\"BreadcrumbList\",\"@id\":\"https:\/\/www.isfdaycare.org\/isftervuren\/fr\/admissions-frais\/#breadcrumb\",\"itemListElement\":[{\"@type\":\"ListItem\",\"position\":1,\"name\":\"Home\",\"item\":\"https:\/\/www.isfdaycare.org\/isftervuren\/fr\/\"},{\"@type\":\"ListItem\",\"position\":2,\"name\":\"Admissions &#038; Frais\"}]},{\"@type\":\"WebSite\",\"@id\":\"https:\/\/www.isfdaycare.org\/isftervuren\/fr\/#website\",\"url\":\"https:\/\/www.isfdaycare.org\/isftervuren\/fr\/\",\"name\":\"Isf Tervuren Cr\u00e8che\",\"description\":\"Grandir, Apprendre, Briller\",\"publisher\":{\"@id\":\"https:\/\/www.isfdaycare.org\/isftervuren\/fr\/#organization\"},\"potentialAction\":[{\"@type\":\"SearchAction\",\"target\":{\"@type\":\"EntryPoint\",\"urlTemplate\":\"https:\/\/www.isfdaycare.org\/isftervuren\/fr\/?s={search_term_string}\"},\"query-input\":{\"@type\":\"PropertyValueSpecification\",\"valueRequired\":true,\"valueName\":\"search_term_string\"}}],\"inLanguage\":\"fr-FR\"},{\"@type\":\"Organization\",\"@id\":\"https:\/\/www.isfdaycare.org\/isftervuren\/fr\/#organization\",\"name\":\"Isf Tervuren Cr\u00e8che\",\"url\":\"https:\/\/www.isfdaycare.org\/isftervuren\/fr\/\",\"logo\":{\"@type\":\"ImageObject\",\"inLanguage\":\"fr-FR\",\"@id\":\"https:\/\/www.isfdaycare.org\/isftervuren\/fr\/#\/schema\/logo\/image\/\",\"url\":\"https:\/\/www.isfdaycare.org\/isftervuren\/wp-content\/uploads\/sites\/3\/2019\/06\/cropped-icon-200x200.png\",\"contentUrl\":\"https:\/\/www.isfdaycare.org\/isftervuren\/wp-content\/uploads\/sites\/3\/2019\/06\/cropped-icon-200x200.png\",\"width\":200,\"height\":201,\"caption\":\"Isf Tervuren Cr\u00e8che\"},\"image\":{\"@id\":\"https:\/\/www.isfdaycare.org\/isftervuren\/fr\/#\/schema\/logo\/image\/\"},\"sameAs\":[\"https:\/\/www.facebook.com\/isfinternationaldaycare\/\"]}]}<\/script>\n<!-- \/ Yoast SEO plugin. -->","yoast_head_json":{"title":"Admissions & Frais - Isf Tervuren Cr\u00e8che","robots":{"index":"index","follow":"follow","max-snippet":"max-snippet:-1","max-image-preview":"max-image-preview:large","max-video-preview":"max-video-preview:-1"},"canonical":"https:\/\/www.isfdaycare.org\/isftervuren\/fr\/admissions-frais\/","og_locale":"fr_FR","og_type":"article","og_title":"Admissions & Frais - Isf Tervuren Cr\u00e8che","og_description":"[vc_row][vc_column][vc_column_text]Les heures d\u2019ouverture sont de 07h 30 \u00e0 18h 30[\/vc_column_text][vc_column_text] Tarifs Le tarif de la cr\u00e8che est bas\u00e9 sur le...","og_url":"https:\/\/www.isfdaycare.org\/isftervuren\/fr\/admissions-frais\/","og_site_name":"Isf Tervuren Cr\u00e8che","article_publisher":"https:\/\/www.facebook.com\/isfinternationaldaycare\/","article_modified_time":"2023-07-13T10:27:47+00:00","twitter_card":"summary_large_image","twitter_misc":{"Dur\u00e9e de lecture estim\u00e9e":"1 minute"},"schema":{"@context":"https:\/\/schema.org","@graph":[{"@type":"WebPage","@id":"https:\/\/www.isfdaycare.org\/isftervuren\/fr\/admissions-frais\/","url":"https:\/\/www.isfdaycare.org\/isftervuren\/fr\/admissions-frais\/","name":"Admissions & Frais - Isf Tervuren Cr\u00e8che","isPartOf":{"@id":"https:\/\/www.isfdaycare.org\/isftervuren\/fr\/#website"},"datePublished":"2019-05-19T22:40:48+00:00","dateModified":"2023-07-13T10:27:47+00:00","breadcrumb":{"@id":"https:\/\/www.isfdaycare.org\/isftervuren\/fr\/admissions-frais\/#breadcrumb"},"inLanguage":"fr-FR","potentialAction":[{"@type":"ReadAction","target":["https:\/\/www.isfdaycare.org\/isftervuren\/fr\/admissions-frais\/"]}]},{"@type":"BreadcrumbList","@id":"https:\/\/www.isfdaycare.org\/isftervuren\/fr\/admissions-frais\/#breadcrumb","itemListElement":[{"@type":"ListItem","position":1,"name":"Home","item":"https:\/\/www.isfdaycare.org\/isftervuren\/fr\/"},{"@type":"ListItem","position":2,"name":"Admissions &#038; Frais"}]},{"@type":"WebSite","@id":"https:\/\/www.isfdaycare.org\/isftervuren\/fr\/#website","url":"https:\/\/www.isfdaycare.org\/isftervuren\/fr\/","name":"Isf Tervuren Cr\u00e8che","description":"Grandir, Apprendre, Briller","publisher":{"@id":"https:\/\/www.isfdaycare.org\/isftervuren\/fr\/#organization"},"potentialAction":[{"@type":"SearchAction","target":{"@type":"EntryPoint","urlTemplate":"https:\/\/www.isfdaycare.org\/isftervuren\/fr\/?s={search_term_string}"},"query-input":{"@type":"PropertyValueSpecification","valueRequired":true,"valueName":"search_term_string"}}],"inLanguage":"fr-FR"},{"@type":"Organization","@id":"https:\/\/www.isfdaycare.org\/isftervuren\/fr\/#organization","name":"Isf Tervuren Cr\u00e8che","url":"https:\/\/www.isfdaycare.org\/isftervuren\/fr\/","logo":{"@type":"ImageObject","inLanguage":"fr-FR","@id":"https:\/\/www.isfdaycare.org\/isftervuren\/fr\/#\/schema\/logo\/image\/","url":"https:\/\/www.isfdaycare.org\/isftervuren\/wp-content\/uploads\/sites\/3\/2019\/06\/cropped-icon-200x200.png","contentUrl":"https:\/\/www.isfdaycare.org\/isftervuren\/wp-content\/uploads\/sites\/3\/2019\/06\/cropped-icon-200x200.png","width":200,"height":201,"caption":"Isf Tervuren Cr\u00e8che"},"image":{"@id":"https:\/\/www.isfdaycare.org\/isftervuren\/fr\/#\/schema\/logo\/image\/"},"sameAs":["https:\/\/www.facebook.com\/isfinternationaldaycare\/"]}]}},"_links":{"self":[{"href":"https:\/\/www.isfdaycare.org\/isftervuren\/fr\/wp-json\/wp\/v2\/pages\/169","targetHints":{"allow":["GET"]}}],"collection":[{"href":"https:\/\/www.isfdaycare.org\/isftervuren\/fr\/wp-json\/wp\/v2\/pages"}],"about":[{"href":"https:\/\/www.isfdaycare.org\/isftervuren\/fr\/wp-json\/wp\/v2\/types\/page"}],"author":[{"embeddable":true,"href":"https:\/\/www.isfdaycare.org\/isftervuren\/fr\/wp-json\/wp\/v2\/users\/1"}],"replies":[{"embeddable":true,"href":"https:\/\/www.isfdaycare.org\/isftervuren\/fr\/wp-json\/wp\/v2\/comments?post=169"}],"version-history":[{"count":6,"href":"https:\/\/www.isfdaycare.org\/isftervuren\/fr\/wp-json\/wp\/v2\/pages\/169\/revisions"}],"predecessor-version":[{"id":323,"href":"https:\/\/www.isfdaycare.org\/isftervuren\/fr\/wp-json\/wp\/v2\/pages\/169\/revisions\/323"}],"wp:attachment":[{"href":"https:\/\/www.isfdaycare.org\/isftervuren\/fr\/wp-json\/wp\/v2\/media?parent=169"}],"curies":[{"name":"wp","href":"https:\/\/api.w.org\/{rel}","templated":true}]}}