{"id":175,"date":"2019-05-19T23:41:49","date_gmt":"2019-05-19T22:41:49","guid":{"rendered":"https:\/\/www.isfdaycare.org\/isftervuren\/staff\/"},"modified":"2019-07-06T18:49:51","modified_gmt":"2019-07-06T17:49:51","slug":"personnel","status":"publish","type":"page","link":"https:\/\/www.isfdaycare.org\/isftervuren\/fr\/personnel\/","title":{"rendered":"Personnel"},"content":{"rendered":"<p>[vc_row][vc_column][vc_column_text][\/vc_column_text]<div class=\"sc-team row inline-row sc-team-style-rounded\">\n<div class=\"col-md-3 col-sm-4 col-xs-6 inline-column\"> <div id=\"post-240\" class=\"team-person post-240 scalia_team_person type-scalia_team_person status-publish has-post-thumbnail hentry\"> <div class=\"team-person-image\"><img decoding=\"async\" src=\"https:\/\/www.isfdaycare.org\/isftervuren\/wp-content\/uploads\/sites\/3\/2019\/05\/Szilviax500-scalia-person.jpg\" alt=\"\" class=\"img-circle img-responsive\" ><\/div> <div class=\"team-person-info\"> <div class=\"team-person-name\">Szilvia<\/div> <div class=\"team-person-position\">Daycare Co-Manager<\/div> <div class=\"team-person-description\"><p><span style=\"font-weight: 400\">Apr\u00e8s avoir obtenu mon dipl\u00f4me universitaire, je suis venue en Belgique et suis devenue un fier membre de la communaut\u00e9 ISF.<br \/>\nActuellement, je vis \u00e0 Anvers et je profite de chaque occasion pour visiter diff\u00e9rents pays. Pendant mon temps libre, j\u2019aime cuisiner et je prends des cours de n\u00e9erlandais.<br \/>\nJe crois \u00e0 l\u2019enseignement international et \u00e0 l\u2019apprentissage cibl\u00e9 durant la petite enfance.<\/span><\/p>\n<\/div> <\/div> <\/div>\n<\/div> <div class=\"col-md-3 col-sm-4 col-xs-6 inline-column\"> <div id=\"post-248\" class=\"team-person post-248 scalia_team_person type-scalia_team_person status-publish has-post-thumbnail hentry\"> <div class=\"team-person-image\"><img decoding=\"async\" src=\"https:\/\/www.isfdaycare.org\/isftervuren\/wp-content\/uploads\/sites\/3\/2019\/05\/margox500-scalia-person.jpg\" alt=\"\" class=\"img-circle img-responsive\" ><\/div> <div class=\"team-person-info\"> <div class=\"team-person-name\">Margo<\/div> <div class=\"team-person-description\"><p><span style=\"font-weight: 400;\">Je suis Margo de Belgique. J\u2019ai un baccalaur\u00e9at en sciences de la r\u00e9adaptation sociale. J\u2019ai travaill\u00e9 avec des enfants \u00e2g\u00e9s de 0 \u00e0 12 ans dans un centre de sant\u00e9 et d\u2019\u00e9ducation familiales et dans une garderie parascolaire. Pendant mon temps libre, j\u2019aime lire un bon livre et passer tu temps avec ma famille et mes amis.<\/span><\/p>\n<\/div> <\/div> <\/div>\n<\/div>\n<\/div>[\/vc_column][\/vc_row]<\/p>\n","protected":false},"excerpt":{"rendered":"<p>[vc_row][vc_column][vc_column_text][\/vc_column_text][\/vc_column][\/vc_row]<\/p>\n","protected":false},"author":1,"featured_media":0,"parent":0,"menu_order":0,"comment_status":"closed","ping_status":"closed","template":"","meta":{"footnotes":""},"class_list":["post-175","page","type-page","status-publish","hentry"],"yoast_head":"<!-- This site is optimized with the Yoast SEO plugin v26.5 - https:\/\/yoast.com\/wordpress\/plugins\/seo\/ -->\n<title>Personnel - Isf Tervuren Cr\u00e8che<\/title>\n<meta name=\"robots\" content=\"index, follow, max-snippet:-1, max-image-preview:large, max-video-preview:-1\" \/>\n<link rel=\"canonical\" href=\"https:\/\/www.isfdaycare.org\/isftervuren\/fr\/personnel\/\" \/>\n<meta property=\"og:locale\" content=\"fr_FR\" \/>\n<meta property=\"og:type\" content=\"article\" \/>\n<meta property=\"og:title\" content=\"Personnel - Isf Tervuren Cr\u00e8che\" \/>\n<meta property=\"og:description\" content=\"[vc_row][vc_column][vc_column_text][\/vc_column_text][\/vc_column][\/vc_row]\" \/>\n<meta property=\"og:url\" content=\"https:\/\/www.isfdaycare.org\/isftervuren\/fr\/personnel\/\" \/>\n<meta property=\"og:site_name\" content=\"Isf Tervuren Cr\u00e8che\" \/>\n<meta property=\"article:publisher\" content=\"https:\/\/www.facebook.com\/isfinternationaldaycare\/\" \/>\n<meta property=\"article:modified_time\" content=\"2019-07-06T17:49:51+00:00\" \/>\n<meta name=\"twitter:card\" content=\"summary_large_image\" \/>\n<script type=\"application\/ld+json\" class=\"yoast-schema-graph\">{\"@context\":\"https:\/\/schema.org\",\"@graph\":[{\"@type\":\"WebPage\",\"@id\":\"https:\/\/www.isfdaycare.org\/isftervuren\/fr\/personnel\/\",\"url\":\"https:\/\/www.isfdaycare.org\/isftervuren\/fr\/personnel\/\",\"name\":\"Personnel - Isf Tervuren Cr\u00e8che\",\"isPartOf\":{\"@id\":\"https:\/\/www.isfdaycare.org\/isftervuren\/fr\/#website\"},\"datePublished\":\"2019-05-19T22:41:49+00:00\",\"dateModified\":\"2019-07-06T17:49:51+00:00\",\"breadcrumb\":{\"@id\":\"https:\/\/www.isfdaycare.org\/isftervuren\/fr\/personnel\/#breadcrumb\"},\"inLanguage\":\"fr-FR\",\"potentialAction\":[{\"@type\":\"ReadAction\",\"target\":[\"https:\/\/www.isfdaycare.org\/isftervuren\/fr\/personnel\/\"]}]},{\"@type\":\"BreadcrumbList\",\"@id\":\"https:\/\/www.isfdaycare.org\/isftervuren\/fr\/personnel\/#breadcrumb\",\"itemListElement\":[{\"@type\":\"ListItem\",\"position\":1,\"name\":\"Home\",\"item\":\"https:\/\/www.isfdaycare.org\/isftervuren\/fr\/\"},{\"@type\":\"ListItem\",\"position\":2,\"name\":\"Personnel\"}]},{\"@type\":\"WebSite\",\"@id\":\"https:\/\/www.isfdaycare.org\/isftervuren\/fr\/#website\",\"url\":\"https:\/\/www.isfdaycare.org\/isftervuren\/fr\/\",\"name\":\"Isf Tervuren Cr\u00e8che\",\"description\":\"Grandir, Apprendre, Briller\",\"publisher\":{\"@id\":\"https:\/\/www.isfdaycare.org\/isftervuren\/fr\/#organization\"},\"potentialAction\":[{\"@type\":\"SearchAction\",\"target\":{\"@type\":\"EntryPoint\",\"urlTemplate\":\"https:\/\/www.isfdaycare.org\/isftervuren\/fr\/?s={search_term_string}\"},\"query-input\":{\"@type\":\"PropertyValueSpecification\",\"valueRequired\":true,\"valueName\":\"search_term_string\"}}],\"inLanguage\":\"fr-FR\"},{\"@type\":\"Organization\",\"@id\":\"https:\/\/www.isfdaycare.org\/isftervuren\/fr\/#organization\",\"name\":\"Isf Tervuren Cr\u00e8che\",\"url\":\"https:\/\/www.isfdaycare.org\/isftervuren\/fr\/\",\"logo\":{\"@type\":\"ImageObject\",\"inLanguage\":\"fr-FR\",\"@id\":\"https:\/\/www.isfdaycare.org\/isftervuren\/fr\/#\/schema\/logo\/image\/\",\"url\":\"https:\/\/www.isfdaycare.org\/isftervuren\/wp-content\/uploads\/sites\/3\/2019\/06\/cropped-icon-200x200.png\",\"contentUrl\":\"https:\/\/www.isfdaycare.org\/isftervuren\/wp-content\/uploads\/sites\/3\/2019\/06\/cropped-icon-200x200.png\",\"width\":200,\"height\":201,\"caption\":\"Isf Tervuren Cr\u00e8che\"},\"image\":{\"@id\":\"https:\/\/www.isfdaycare.org\/isftervuren\/fr\/#\/schema\/logo\/image\/\"},\"sameAs\":[\"https:\/\/www.facebook.com\/isfinternationaldaycare\/\"]}]}<\/script>\n<!-- \/ Yoast SEO plugin. -->","yoast_head_json":{"title":"Personnel - Isf Tervuren Cr\u00e8che","robots":{"index":"index","follow":"follow","max-snippet":"max-snippet:-1","max-image-preview":"max-image-preview:large","max-video-preview":"max-video-preview:-1"},"canonical":"https:\/\/www.isfdaycare.org\/isftervuren\/fr\/personnel\/","og_locale":"fr_FR","og_type":"article","og_title":"Personnel - Isf Tervuren Cr\u00e8che","og_description":"[vc_row][vc_column][vc_column_text][\/vc_column_text][\/vc_column][\/vc_row]","og_url":"https:\/\/www.isfdaycare.org\/isftervuren\/fr\/personnel\/","og_site_name":"Isf Tervuren Cr\u00e8che","article_publisher":"https:\/\/www.facebook.com\/isfinternationaldaycare\/","article_modified_time":"2019-07-06T17:49:51+00:00","twitter_card":"summary_large_image","schema":{"@context":"https:\/\/schema.org","@graph":[{"@type":"WebPage","@id":"https:\/\/www.isfdaycare.org\/isftervuren\/fr\/personnel\/","url":"https:\/\/www.isfdaycare.org\/isftervuren\/fr\/personnel\/","name":"Personnel - Isf Tervuren Cr\u00e8che","isPartOf":{"@id":"https:\/\/www.isfdaycare.org\/isftervuren\/fr\/#website"},"datePublished":"2019-05-19T22:41:49+00:00","dateModified":"2019-07-06T17:49:51+00:00","breadcrumb":{"@id":"https:\/\/www.isfdaycare.org\/isftervuren\/fr\/personnel\/#breadcrumb"},"inLanguage":"fr-FR","potentialAction":[{"@type":"ReadAction","target":["https:\/\/www.isfdaycare.org\/isftervuren\/fr\/personnel\/"]}]},{"@type":"BreadcrumbList","@id":"https:\/\/www.isfdaycare.org\/isftervuren\/fr\/personnel\/#breadcrumb","itemListElement":[{"@type":"ListItem","position":1,"name":"Home","item":"https:\/\/www.isfdaycare.org\/isftervuren\/fr\/"},{"@type":"ListItem","position":2,"name":"Personnel"}]},{"@type":"WebSite","@id":"https:\/\/www.isfdaycare.org\/isftervuren\/fr\/#website","url":"https:\/\/www.isfdaycare.org\/isftervuren\/fr\/","name":"Isf Tervuren Cr\u00e8che","description":"Grandir, Apprendre, Briller","publisher":{"@id":"https:\/\/www.isfdaycare.org\/isftervuren\/fr\/#organization"},"potentialAction":[{"@type":"SearchAction","target":{"@type":"EntryPoint","urlTemplate":"https:\/\/www.isfdaycare.org\/isftervuren\/fr\/?s={search_term_string}"},"query-input":{"@type":"PropertyValueSpecification","valueRequired":true,"valueName":"search_term_string"}}],"inLanguage":"fr-FR"},{"@type":"Organization","@id":"https:\/\/www.isfdaycare.org\/isftervuren\/fr\/#organization","name":"Isf Tervuren Cr\u00e8che","url":"https:\/\/www.isfdaycare.org\/isftervuren\/fr\/","logo":{"@type":"ImageObject","inLanguage":"fr-FR","@id":"https:\/\/www.isfdaycare.org\/isftervuren\/fr\/#\/schema\/logo\/image\/","url":"https:\/\/www.isfdaycare.org\/isftervuren\/wp-content\/uploads\/sites\/3\/2019\/06\/cropped-icon-200x200.png","contentUrl":"https:\/\/www.isfdaycare.org\/isftervuren\/wp-content\/uploads\/sites\/3\/2019\/06\/cropped-icon-200x200.png","width":200,"height":201,"caption":"Isf Tervuren Cr\u00e8che"},"image":{"@id":"https:\/\/www.isfdaycare.org\/isftervuren\/fr\/#\/schema\/logo\/image\/"},"sameAs":["https:\/\/www.facebook.com\/isfinternationaldaycare\/"]}]}},"_links":{"self":[{"href":"https:\/\/www.isfdaycare.org\/isftervuren\/fr\/wp-json\/wp\/v2\/pages\/175","targetHints":{"allow":["GET"]}}],"collection":[{"href":"https:\/\/www.isfdaycare.org\/isftervuren\/fr\/wp-json\/wp\/v2\/pages"}],"about":[{"href":"https:\/\/www.isfdaycare.org\/isftervuren\/fr\/wp-json\/wp\/v2\/types\/page"}],"author":[{"embeddable":true,"href":"https:\/\/www.isfdaycare.org\/isftervuren\/fr\/wp-json\/wp\/v2\/users\/1"}],"replies":[{"embeddable":true,"href":"https:\/\/www.isfdaycare.org\/isftervuren\/fr\/wp-json\/wp\/v2\/comments?post=175"}],"version-history":[{"count":1,"href":"https:\/\/www.isfdaycare.org\/isftervuren\/fr\/wp-json\/wp\/v2\/pages\/175\/revisions"}],"predecessor-version":[{"id":237,"href":"https:\/\/www.isfdaycare.org\/isftervuren\/fr\/wp-json\/wp\/v2\/pages\/175\/revisions\/237"}],"wp:attachment":[{"href":"https:\/\/www.isfdaycare.org\/isftervuren\/fr\/wp-json\/wp\/v2\/media?parent=175"}],"curies":[{"name":"wp","href":"https:\/\/api.w.org\/{rel}","templated":true}]}}