{"id":206,"date":"2019-05-16T23:35:28","date_gmt":"2019-05-16T22:35:28","guid":{"rendered":"https:\/\/www.isfdaycare.org\/isfwaterloo\/about-us-waterloo\/"},"modified":"2021-05-18T21:09:17","modified_gmt":"2021-05-18T20:09:17","slug":"creche-waterloo","status":"publish","type":"page","link":"https:\/\/www.isfdaycare.org\/isfwaterloo\/fr\/creche-waterloo\/","title":{"rendered":"\u00c0 propos de nous &#8211; Waterloo"},"content":{"rendered":"<p>[vc_row][vc_column width=\u00a0\u00bb1\/2&Prime;][vc_row_inner][vc_column_inner][vc_column_text]<\/p>\n<div class=\"sc-list\">\n<ul>\n<li>15 places<\/li>\n<li>Ratio enfants\/personnel de 1 : 5<\/li>\n<li>Multilingue: Anglais, N\u00e9erlandais et Fran\u00e7ais<\/li>\n<li>Tarification en march\u00e9 libre<\/li>\n<li>Ouvert de 7 h 30 \u00e0 17 h 30 (ou 18 h 30 moyennant un suppl\u00e9ment)<\/li>\n<\/ul>\n<\/div>\n<p>Lorsque nous avons ouvert notre nouvelle cr\u00e8che \u00e0 Waterloo, en novembre 2016, nous avons lanc\u00e9 notre concept novateur de services de garde d\u2019enfants &#8211; rapidement \u00e9tiquet\u00e9 par les m\u00e9dias comme \u201c<a href=\"\/fr\/news\/our-daycare-on-national-tv-news\/\" rel=\"noopener noreferrer\">Neuro Creche<\/a>\u201d.<\/p>\n<p>L\u2019am\u00e9nagement int\u00e9rieur, les d\u00e9corations et les \u00e9quipements sont bas\u00e9s sur des recherches scientifiques sur la fa\u00e7on dont les stimuli visuels re\u00e7us par les b\u00e9b\u00e9s conditionnent le d\u00e9veloppement de leur cerveau, et nos designs optimisent ce d\u00e9veloppement.<\/p>\n<p>Nous proposons un plan d\u2019activit\u00e9 mensuel con\u00e7u pour offrir aux enfants des exp\u00e9riences sensorielles, am\u00e9liorer sa motricit\u00e9 fine et globale, des comp\u00e9tences linguistiques et sociales et d\u2019autres activit\u00e9s de d\u00e9veloppement importantes. Nous utilisons \u00e9galement l\u2019outil D-Care, qui d\u00e9taille la journ\u00e9e de votre enfant \u00e0 la garderie. Apr\u00e8s sa prise en charge, nous vous envoyons un e-mail vous indiquant \u00e0 quelle heure votre enfant a \u00e9t\u00e9 chang\u00e9, quand il a mang\u00e9 et d\u2019autres d\u00e9tails importants de sa journ\u00e9e.<\/p>\n<p>Nous employons du personnel parlant au minimum l\u2019anglais, le fran\u00e7ais et le n\u00e9erlandais, afin que les enfants soient expos\u00e9s \u00e0 toutes les langues tout au long de la journ\u00e9e. L\u2019anglais est la langue principale de la cr\u00e8che. En outre, nous invitons les parents \u00e0 pr\u00e9ciser la langue qu\u2019ils souhaitent que nous utilisions avec leur enfant lorsque nous sommes avec lui. Des recherches scientifiques prouvent que le multilinguisme pr\u00e9coce augmente et acc\u00e9l\u00e8re le d\u00e9veloppement du cerveau.[\/vc_column_text][\/vc_column_inner][\/vc_row_inner][\/vc_column][vc_column width=\u00a0\u00bb1\/2&Prime;][vc_row_inner][vc_column_inner offset=\u00a0\u00bbvc_hidden-lg vc_hidden-md\u00a0\u00bb][vc_images_carousel images=\u00a0\u00bb325,328,319,322,310&Prime; img_size=\u00a0\u00bbmedium\u00a0\u00bb autoplay=\u00a0\u00bbyes\u00a0\u00bb][\/vc_column_inner][\/vc_row_inner][vc_row_inner][vc_column_inner offset=\u00a0\u00bbvc_hidden-lg vc_hidden-sm vc_hidden-xs\u00a0\u00bb][vc_images_carousel images=\u00a0\u00bb325,328,319,322,310&Prime; img_size=\u00a0\u00bb450&#215;350&Prime; autoplay=\u00a0\u00bbyes\u00a0\u00bb][\/vc_column_inner][\/vc_row_inner][vc_row_inner][vc_column_inner offset=\u00a0\u00bbvc_hidden-md vc_hidden-sm vc_hidden-xs\u00a0\u00bb][vc_images_carousel images=\u00a0\u00bb325,328,319,322,310&Prime; img_size=\u00a0\u00bb530&#215;350&Prime; autoplay=\u00a0\u00bbyes\u00a0\u00bb][\/vc_column_inner][\/vc_row_inner][vc_row_inner][vc_column_inner][vc_column_text]La cr\u00e8che Waterloo est une extension de la section maternelle de l\u2019\u00e9cole ISF Waterloo International, situ\u00e9e dans une partie magnifiquement r\u00e9nov\u00e9e et am\u00e9nag\u00e9e de l\u2019Oranje House, sur le campus de l\u2019\u00e9cole existante. Notre cr\u00e8che accueille jusqu\u2019\u00e0 15 enfants \u00e0 partir de 6 semaines et est ouverte de 07 h 30 \u00e0 17 h 30 (ou 18 h 30 moyennant un suppl\u00e9ment).<\/p>\n<p>\u00c0 la fin de leur parcours \u00e0 la cr\u00e8che, les enfants sont accueillis \u00e0 partir de 2,5 ans dans notre \u00e9cole maternelle \u00e0 l\u2019\u00e9cole ISF Waterloo International<\/p>\n<p>Plus d\u2019informations ici:<\/p>\n<p><a href=\"http:\/\/www.isfwaterloo.org\" target=\"_blank\" rel=\"noopener noreferrer\">www.isfwaterloo.org<\/a>[\/vc_column_text][\/vc_column_inner][\/vc_row_inner][\/vc_column][\/vc_row]<\/p>\n","protected":false},"excerpt":{"rendered":"<p>[vc_row][vc_column width=\u00a0\u00bb1\/2&Prime;][vc_row_inner][vc_column_inner][vc_column_text] 15 places Ratio enfants\/personnel de 1 : 5 Multilingue: Anglais, N\u00e9erlandais et Fran\u00e7ais Tarification en march\u00e9 libre Ouvert&#8230;<\/p>\n","protected":false},"author":1,"featured_media":0,"parent":0,"menu_order":0,"comment_status":"closed","ping_status":"closed","template":"","meta":{"footnotes":""},"class_list":["post-206","page","type-page","status-publish","hentry"],"yoast_head":"<!-- This site is optimized with the Yoast SEO plugin v26.5 - https:\/\/yoast.com\/wordpress\/plugins\/seo\/ -->\n<title>Cr\u00e8che Waterloo<\/title>\n<meta name=\"description\" content=\"15 places \/ Ratio enfants-personnel de 1:5 \/ Multilingue: Anglais, N\u00e9erlandais et Fran\u00e7ais \/ Tarification en march\u00e9 libre \/ Ouvert de 7 h 30 \u00e0 17 h 30 (ou 18 h 30 moyennant un suppl\u00e9ment)\" \/>\n<meta name=\"robots\" content=\"index, follow, max-snippet:-1, max-image-preview:large, max-video-preview:-1\" \/>\n<link rel=\"canonical\" href=\"https:\/\/www.isfdaycare.org\/isfwaterloo\/fr\/creche-waterloo\/\" \/>\n<meta property=\"og:locale\" content=\"fr_FR\" \/>\n<meta property=\"og:type\" content=\"article\" \/>\n<meta property=\"og:title\" content=\"Cr\u00e8che Waterloo\" \/>\n<meta property=\"og:description\" content=\"15 places \/ Ratio enfants-personnel de 1:5 \/ Multilingue: Anglais, N\u00e9erlandais et Fran\u00e7ais \/ Tarification en march\u00e9 libre \/ Ouvert de 7 h 30 \u00e0 17 h 30 (ou 18 h 30 moyennant un suppl\u00e9ment)\" \/>\n<meta property=\"og:url\" content=\"https:\/\/www.isfdaycare.org\/isfwaterloo\/fr\/creche-waterloo\/\" \/>\n<meta property=\"og:site_name\" content=\"ISF Cr\u00e8che Waterloo\" \/>\n<meta property=\"article:publisher\" content=\"https:\/\/www.facebook.com\/isfinternationaldaycare\/\" \/>\n<meta property=\"article:modified_time\" content=\"2021-05-18T20:09:17+00:00\" \/>\n<meta name=\"twitter:card\" content=\"summary_large_image\" \/>\n<meta name=\"twitter:label1\" content=\"Dur\u00e9e de lecture estim\u00e9e\" \/>\n\t<meta name=\"twitter:data1\" content=\"3 minutes\" \/>\n<script type=\"application\/ld+json\" class=\"yoast-schema-graph\">{\"@context\":\"https:\/\/schema.org\",\"@graph\":[{\"@type\":\"WebPage\",\"@id\":\"https:\/\/www.isfdaycare.org\/isfwaterloo\/fr\/creche-waterloo\/\",\"url\":\"https:\/\/www.isfdaycare.org\/isfwaterloo\/fr\/creche-waterloo\/\",\"name\":\"Cr\u00e8che Waterloo\",\"isPartOf\":{\"@id\":\"https:\/\/www.isfdaycare.org\/isfwaterloo\/fr\/#website\"},\"datePublished\":\"2019-05-16T22:35:28+00:00\",\"dateModified\":\"2021-05-18T20:09:17+00:00\",\"description\":\"15 places \/ Ratio enfants-personnel de 1:5 \/ Multilingue: Anglais, N\u00e9erlandais et Fran\u00e7ais \/ Tarification en march\u00e9 libre \/ Ouvert de 7 h 30 \u00e0 17 h 30 (ou 18 h 30 moyennant un suppl\u00e9ment)\",\"breadcrumb\":{\"@id\":\"https:\/\/www.isfdaycare.org\/isfwaterloo\/fr\/creche-waterloo\/#breadcrumb\"},\"inLanguage\":\"fr-FR\",\"potentialAction\":[{\"@type\":\"ReadAction\",\"target\":[\"https:\/\/www.isfdaycare.org\/isfwaterloo\/fr\/creche-waterloo\/\"]}]},{\"@type\":\"BreadcrumbList\",\"@id\":\"https:\/\/www.isfdaycare.org\/isfwaterloo\/fr\/creche-waterloo\/#breadcrumb\",\"itemListElement\":[{\"@type\":\"ListItem\",\"position\":1,\"name\":\"Home\",\"item\":\"https:\/\/www.isfdaycare.org\/isfwaterloo\/fr\/\"},{\"@type\":\"ListItem\",\"position\":2,\"name\":\"\u00c0 propos de nous &#8211; Waterloo\"}]},{\"@type\":\"WebSite\",\"@id\":\"https:\/\/www.isfdaycare.org\/isfwaterloo\/fr\/#website\",\"url\":\"https:\/\/www.isfdaycare.org\/isfwaterloo\/fr\/\",\"name\":\"ISF Cr\u00e8che Waterloo\",\"description\":\"Grandir, apprendre, briller\",\"publisher\":{\"@id\":\"https:\/\/www.isfdaycare.org\/isfwaterloo\/fr\/#organization\"},\"potentialAction\":[{\"@type\":\"SearchAction\",\"target\":{\"@type\":\"EntryPoint\",\"urlTemplate\":\"https:\/\/www.isfdaycare.org\/isfwaterloo\/fr\/?s={search_term_string}\"},\"query-input\":{\"@type\":\"PropertyValueSpecification\",\"valueRequired\":true,\"valueName\":\"search_term_string\"}}],\"inLanguage\":\"fr-FR\"},{\"@type\":\"Organization\",\"@id\":\"https:\/\/www.isfdaycare.org\/isfwaterloo\/fr\/#organization\",\"name\":\"ISF Cr\u00e8che Waterloo\",\"url\":\"https:\/\/www.isfdaycare.org\/isfwaterloo\/fr\/\",\"logo\":{\"@type\":\"ImageObject\",\"inLanguage\":\"fr-FR\",\"@id\":\"https:\/\/www.isfdaycare.org\/isfwaterloo\/fr\/#\/schema\/logo\/image\/\",\"url\":\"https:\/\/www.isfdaycare.org\/isfwaterloo\/wp-content\/uploads\/sites\/2\/2019\/06\/cropped-icon-300x300.png\",\"contentUrl\":\"https:\/\/www.isfdaycare.org\/isfwaterloo\/wp-content\/uploads\/sites\/2\/2019\/06\/cropped-icon-300x300.png\",\"width\":300,\"height\":302,\"caption\":\"ISF Cr\u00e8che Waterloo\"},\"image\":{\"@id\":\"https:\/\/www.isfdaycare.org\/isfwaterloo\/fr\/#\/schema\/logo\/image\/\"},\"sameAs\":[\"https:\/\/www.facebook.com\/isfinternationaldaycare\/\"]}]}<\/script>\n<!-- \/ Yoast SEO plugin. -->","yoast_head_json":{"title":"Cr\u00e8che Waterloo","description":"15 places \/ Ratio enfants-personnel de 1:5 \/ Multilingue: Anglais, N\u00e9erlandais et Fran\u00e7ais \/ Tarification en march\u00e9 libre \/ Ouvert de 7 h 30 \u00e0 17 h 30 (ou 18 h 30 moyennant un suppl\u00e9ment)","robots":{"index":"index","follow":"follow","max-snippet":"max-snippet:-1","max-image-preview":"max-image-preview:large","max-video-preview":"max-video-preview:-1"},"canonical":"https:\/\/www.isfdaycare.org\/isfwaterloo\/fr\/creche-waterloo\/","og_locale":"fr_FR","og_type":"article","og_title":"Cr\u00e8che Waterloo","og_description":"15 places \/ Ratio enfants-personnel de 1:5 \/ Multilingue: Anglais, N\u00e9erlandais et Fran\u00e7ais \/ Tarification en march\u00e9 libre \/ Ouvert de 7 h 30 \u00e0 17 h 30 (ou 18 h 30 moyennant un suppl\u00e9ment)","og_url":"https:\/\/www.isfdaycare.org\/isfwaterloo\/fr\/creche-waterloo\/","og_site_name":"ISF Cr\u00e8che Waterloo","article_publisher":"https:\/\/www.facebook.com\/isfinternationaldaycare\/","article_modified_time":"2021-05-18T20:09:17+00:00","twitter_card":"summary_large_image","twitter_misc":{"Dur\u00e9e de lecture estim\u00e9e":"3 minutes"},"schema":{"@context":"https:\/\/schema.org","@graph":[{"@type":"WebPage","@id":"https:\/\/www.isfdaycare.org\/isfwaterloo\/fr\/creche-waterloo\/","url":"https:\/\/www.isfdaycare.org\/isfwaterloo\/fr\/creche-waterloo\/","name":"Cr\u00e8che Waterloo","isPartOf":{"@id":"https:\/\/www.isfdaycare.org\/isfwaterloo\/fr\/#website"},"datePublished":"2019-05-16T22:35:28+00:00","dateModified":"2021-05-18T20:09:17+00:00","description":"15 places \/ Ratio enfants-personnel de 1:5 \/ Multilingue: Anglais, N\u00e9erlandais et Fran\u00e7ais \/ Tarification en march\u00e9 libre \/ Ouvert de 7 h 30 \u00e0 17 h 30 (ou 18 h 30 moyennant un suppl\u00e9ment)","breadcrumb":{"@id":"https:\/\/www.isfdaycare.org\/isfwaterloo\/fr\/creche-waterloo\/#breadcrumb"},"inLanguage":"fr-FR","potentialAction":[{"@type":"ReadAction","target":["https:\/\/www.isfdaycare.org\/isfwaterloo\/fr\/creche-waterloo\/"]}]},{"@type":"BreadcrumbList","@id":"https:\/\/www.isfdaycare.org\/isfwaterloo\/fr\/creche-waterloo\/#breadcrumb","itemListElement":[{"@type":"ListItem","position":1,"name":"Home","item":"https:\/\/www.isfdaycare.org\/isfwaterloo\/fr\/"},{"@type":"ListItem","position":2,"name":"\u00c0 propos de nous &#8211; Waterloo"}]},{"@type":"WebSite","@id":"https:\/\/www.isfdaycare.org\/isfwaterloo\/fr\/#website","url":"https:\/\/www.isfdaycare.org\/isfwaterloo\/fr\/","name":"ISF Cr\u00e8che Waterloo","description":"Grandir, apprendre, briller","publisher":{"@id":"https:\/\/www.isfdaycare.org\/isfwaterloo\/fr\/#organization"},"potentialAction":[{"@type":"SearchAction","target":{"@type":"EntryPoint","urlTemplate":"https:\/\/www.isfdaycare.org\/isfwaterloo\/fr\/?s={search_term_string}"},"query-input":{"@type":"PropertyValueSpecification","valueRequired":true,"valueName":"search_term_string"}}],"inLanguage":"fr-FR"},{"@type":"Organization","@id":"https:\/\/www.isfdaycare.org\/isfwaterloo\/fr\/#organization","name":"ISF Cr\u00e8che Waterloo","url":"https:\/\/www.isfdaycare.org\/isfwaterloo\/fr\/","logo":{"@type":"ImageObject","inLanguage":"fr-FR","@id":"https:\/\/www.isfdaycare.org\/isfwaterloo\/fr\/#\/schema\/logo\/image\/","url":"https:\/\/www.isfdaycare.org\/isfwaterloo\/wp-content\/uploads\/sites\/2\/2019\/06\/cropped-icon-300x300.png","contentUrl":"https:\/\/www.isfdaycare.org\/isfwaterloo\/wp-content\/uploads\/sites\/2\/2019\/06\/cropped-icon-300x300.png","width":300,"height":302,"caption":"ISF Cr\u00e8che Waterloo"},"image":{"@id":"https:\/\/www.isfdaycare.org\/isfwaterloo\/fr\/#\/schema\/logo\/image\/"},"sameAs":["https:\/\/www.facebook.com\/isfinternationaldaycare\/"]}]}},"_links":{"self":[{"href":"https:\/\/www.isfdaycare.org\/isfwaterloo\/fr\/wp-json\/wp\/v2\/pages\/206","targetHints":{"allow":["GET"]}}],"collection":[{"href":"https:\/\/www.isfdaycare.org\/isfwaterloo\/fr\/wp-json\/wp\/v2\/pages"}],"about":[{"href":"https:\/\/www.isfdaycare.org\/isfwaterloo\/fr\/wp-json\/wp\/v2\/types\/page"}],"author":[{"embeddable":true,"href":"https:\/\/www.isfdaycare.org\/isfwaterloo\/fr\/wp-json\/wp\/v2\/users\/1"}],"replies":[{"embeddable":true,"href":"https:\/\/www.isfdaycare.org\/isfwaterloo\/fr\/wp-json\/wp\/v2\/comments?post=206"}],"version-history":[{"count":6,"href":"https:\/\/www.isfdaycare.org\/isfwaterloo\/fr\/wp-json\/wp\/v2\/pages\/206\/revisions"}],"predecessor-version":[{"id":344,"href":"https:\/\/www.isfdaycare.org\/isfwaterloo\/fr\/wp-json\/wp\/v2\/pages\/206\/revisions\/344"}],"wp:attachment":[{"href":"https:\/\/www.isfdaycare.org\/isfwaterloo\/fr\/wp-json\/wp\/v2\/media?parent=206"}],"curies":[{"name":"wp","href":"https:\/\/api.w.org\/{rel}","templated":true}]}}