{"id":217,"date":"2019-05-19T22:46:28","date_gmt":"2019-05-19T21:46:28","guid":{"rendered":"https:\/\/www.isfdaycare.org\/isfwaterloo\/admissions-fees\/"},"modified":"2025-05-12T22:04:56","modified_gmt":"2025-05-12T21:04:56","slug":"admissions-frais","status":"publish","type":"page","link":"https:\/\/www.isfdaycare.org\/isfwaterloo\/fr\/admissions-frais\/","title":{"rendered":"Admissions &#038; Frais"},"content":{"rendered":"<p>[vc_row][vc_column][vc_column_text]<strong>Les heures d\u2019ouverture sont de 7 h 30 \u00e0 17 h 30 (ou 18 h 30 moyennant un suppl\u00e9ment)<\/strong>[\/vc_column_text][vc_column_text]<\/p>\n<h2>Frais de cr\u00e8che<\/h2>\n<p>[\/vc_column_text]<\/p>\n<div class=\"sc-table rounded-corners sc-table-responsive shadow-box sc-table-style-1\">\n<table style=\"width: 100%;\">\n<tbody>\n<tr>\n<td><b>La garde \u00e0 temps plein<\/b><\/td>\n<td style=\"text-align: center;\">07h 30 &#8211; 17h 30<\/td>\n<td style=\"text-align: right;\">1500\u20ac par mois<\/td>\n<\/tr>\n<tr>\n<td><b>La garde \u00e0 temps partiel, 4 jours<\/b><\/td>\n<td style=\"text-align: center;\">07h 30 &#8211; 17h 30<\/td>\n<td style=\"text-align: right;\">1300\u20ac par mois<\/td>\n<\/tr>\n<tr>\n<td><b>Une heure de garde suppl\u00e9mentaire<\/b><\/td>\n<td style=\"text-align: center;\">17h 30 &#8211; 18h 30<\/td>\n<td style=\"text-align: right;\">250\u20ac en plus des frais mensuels<\/td>\n<\/tr>\n<\/tbody>\n<\/table>\n<\/div>\n<p>[vc_column_text]<\/p>\n<h2>Frais d\u2019inscription et d\u00e9p\u00f4t<\/h2>\n<p>Des frais d\u2019inscription uniques et non remboursables de 250 \u20ac par enfant et le montant d\u2019un mois sont payables \u00e0 l\u2019inscription par virement bancaire dans les sept jours. Une place pour votre enfant ne sera r\u00e9serv\u00e9e qu\u2019une fois le versement re\u00e7u. Le mois pay\u00e9 \u00e0 l\u2019avance constitue un d\u00e9p\u00f4t. Ce d\u00e9p\u00f4t sera d\u00e9duit de votre versement final. Apr\u00e8s les versements initiaux, la cr\u00e8che vous facturera une fois par mois*.<\/p>\n<p><em>Remarque<\/em>: les frais sont dus \u00e9galement pour les jours o\u00f9 vous pourriez choisir de ne pas amener votre enfant \u00e0 la cr\u00e8che, \u00e0 l\u2019exception de quatre semaines par an lorsque la cr\u00e8che est ferm\u00e9e (trois semaines en \u00e9t\u00e9 et une semaine en hiver). Les vacances sont annonc\u00e9es le 15 d\u00e9cembre pour l\u2019ann\u00e9e suivante). Pour ces mois, vous recevrez une facture au prorata.<\/p>\n<p>* Les frais comprennent : repas chauds et fruits, biscuits secs, lait premier \u00e2ge, couches, lingettes humides et mouchoirs<\/p>\n<h2>Subvention Groeipakket<\/h2>\n<p>Les familles qui ayant recours \u00e0 notre cr\u00e8che ont droit \u00e0 une subvention \u00ab Groeipakket \u00bb de Kind&amp;Gezin. En fonction de la fr\u00e9quentation, chaque enfant re\u00e7oit 3,23 \u20ac\/jour pour une journ\u00e9e compl\u00e8te et la moiti\u00e9 s\u2019il reste moins de cinq heures. La subvention est vers\u00e9e en m\u00eame temps que l\u2019allocation pour enfant que les familles re\u00e7oivent du gouvernement belge.<\/p>\n<p>Vous pouvez trouver plus d\u2019informations ici : <a href=\"https:\/\/www.groeipakket.be\" target=\"_blank\" rel=\"noopener noreferrer\">https:\/\/www.groeipakket.be<\/a>[\/vc_column_text][\/vc_column][\/vc_row]<\/p>\n","protected":false},"excerpt":{"rendered":"<p>[vc_row][vc_column][vc_column_text]Les heures d\u2019ouverture sont de 7 h 30 \u00e0 17 h 30 (ou 18 h 30 moyennant un suppl\u00e9ment)[\/vc_column_text][vc_column_text] Frais&#8230;<\/p>\n","protected":false},"author":1,"featured_media":0,"parent":0,"menu_order":0,"comment_status":"closed","ping_status":"closed","template":"","meta":{"footnotes":""},"class_list":["post-217","page","type-page","status-publish","hentry"],"yoast_head":"<!-- This site is optimized with the Yoast SEO plugin v26.5 - https:\/\/yoast.com\/wordpress\/plugins\/seo\/ -->\n<title>Admissions &amp; Frais - ISF Cr\u00e8che Waterloo<\/title>\n<meta name=\"robots\" content=\"index, follow, max-snippet:-1, max-image-preview:large, max-video-preview:-1\" \/>\n<link rel=\"canonical\" href=\"https:\/\/www.isfdaycare.org\/isfwaterloo\/fr\/admissions-frais\/\" \/>\n<meta property=\"og:locale\" content=\"fr_FR\" \/>\n<meta property=\"og:type\" content=\"article\" \/>\n<meta property=\"og:title\" content=\"Admissions &amp; Frais - ISF Cr\u00e8che Waterloo\" \/>\n<meta property=\"og:description\" content=\"[vc_row][vc_column][vc_column_text]Les heures d\u2019ouverture sont de 7 h 30 \u00e0 17 h 30 (ou 18 h 30 moyennant un suppl\u00e9ment)[\/vc_column_text][vc_column_text] Frais...\" \/>\n<meta property=\"og:url\" content=\"https:\/\/www.isfdaycare.org\/isfwaterloo\/fr\/admissions-frais\/\" \/>\n<meta property=\"og:site_name\" content=\"ISF Cr\u00e8che Waterloo\" \/>\n<meta property=\"article:publisher\" content=\"https:\/\/www.facebook.com\/isfinternationaldaycare\/\" \/>\n<meta property=\"article:modified_time\" content=\"2025-05-12T21:04:56+00:00\" \/>\n<meta name=\"twitter:card\" content=\"summary_large_image\" \/>\n<meta name=\"twitter:label1\" content=\"Dur\u00e9e de lecture estim\u00e9e\" \/>\n\t<meta name=\"twitter:data1\" content=\"2 minutes\" \/>\n<script type=\"application\/ld+json\" class=\"yoast-schema-graph\">{\"@context\":\"https:\/\/schema.org\",\"@graph\":[{\"@type\":\"WebPage\",\"@id\":\"https:\/\/www.isfdaycare.org\/isfwaterloo\/fr\/admissions-frais\/\",\"url\":\"https:\/\/www.isfdaycare.org\/isfwaterloo\/fr\/admissions-frais\/\",\"name\":\"Admissions & Frais - ISF Cr\u00e8che Waterloo\",\"isPartOf\":{\"@id\":\"https:\/\/www.isfdaycare.org\/isfwaterloo\/fr\/#website\"},\"datePublished\":\"2019-05-19T21:46:28+00:00\",\"dateModified\":\"2025-05-12T21:04:56+00:00\",\"breadcrumb\":{\"@id\":\"https:\/\/www.isfdaycare.org\/isfwaterloo\/fr\/admissions-frais\/#breadcrumb\"},\"inLanguage\":\"fr-FR\",\"potentialAction\":[{\"@type\":\"ReadAction\",\"target\":[\"https:\/\/www.isfdaycare.org\/isfwaterloo\/fr\/admissions-frais\/\"]}]},{\"@type\":\"BreadcrumbList\",\"@id\":\"https:\/\/www.isfdaycare.org\/isfwaterloo\/fr\/admissions-frais\/#breadcrumb\",\"itemListElement\":[{\"@type\":\"ListItem\",\"position\":1,\"name\":\"Home\",\"item\":\"https:\/\/www.isfdaycare.org\/isfwaterloo\/fr\/\"},{\"@type\":\"ListItem\",\"position\":2,\"name\":\"Admissions &#038; Frais\"}]},{\"@type\":\"WebSite\",\"@id\":\"https:\/\/www.isfdaycare.org\/isfwaterloo\/fr\/#website\",\"url\":\"https:\/\/www.isfdaycare.org\/isfwaterloo\/fr\/\",\"name\":\"ISF Cr\u00e8che Waterloo\",\"description\":\"Grandir, apprendre, briller\",\"publisher\":{\"@id\":\"https:\/\/www.isfdaycare.org\/isfwaterloo\/fr\/#organization\"},\"potentialAction\":[{\"@type\":\"SearchAction\",\"target\":{\"@type\":\"EntryPoint\",\"urlTemplate\":\"https:\/\/www.isfdaycare.org\/isfwaterloo\/fr\/?s={search_term_string}\"},\"query-input\":{\"@type\":\"PropertyValueSpecification\",\"valueRequired\":true,\"valueName\":\"search_term_string\"}}],\"inLanguage\":\"fr-FR\"},{\"@type\":\"Organization\",\"@id\":\"https:\/\/www.isfdaycare.org\/isfwaterloo\/fr\/#organization\",\"name\":\"ISF Cr\u00e8che Waterloo\",\"url\":\"https:\/\/www.isfdaycare.org\/isfwaterloo\/fr\/\",\"logo\":{\"@type\":\"ImageObject\",\"inLanguage\":\"fr-FR\",\"@id\":\"https:\/\/www.isfdaycare.org\/isfwaterloo\/fr\/#\/schema\/logo\/image\/\",\"url\":\"https:\/\/www.isfdaycare.org\/isfwaterloo\/wp-content\/uploads\/sites\/2\/2019\/06\/cropped-icon-300x300.png\",\"contentUrl\":\"https:\/\/www.isfdaycare.org\/isfwaterloo\/wp-content\/uploads\/sites\/2\/2019\/06\/cropped-icon-300x300.png\",\"width\":300,\"height\":302,\"caption\":\"ISF Cr\u00e8che Waterloo\"},\"image\":{\"@id\":\"https:\/\/www.isfdaycare.org\/isfwaterloo\/fr\/#\/schema\/logo\/image\/\"},\"sameAs\":[\"https:\/\/www.facebook.com\/isfinternationaldaycare\/\"]}]}<\/script>\n<!-- \/ Yoast SEO plugin. -->","yoast_head_json":{"title":"Admissions & Frais - ISF Cr\u00e8che Waterloo","robots":{"index":"index","follow":"follow","max-snippet":"max-snippet:-1","max-image-preview":"max-image-preview:large","max-video-preview":"max-video-preview:-1"},"canonical":"https:\/\/www.isfdaycare.org\/isfwaterloo\/fr\/admissions-frais\/","og_locale":"fr_FR","og_type":"article","og_title":"Admissions & Frais - ISF Cr\u00e8che Waterloo","og_description":"[vc_row][vc_column][vc_column_text]Les heures d\u2019ouverture sont de 7 h 30 \u00e0 17 h 30 (ou 18 h 30 moyennant un suppl\u00e9ment)[\/vc_column_text][vc_column_text] Frais...","og_url":"https:\/\/www.isfdaycare.org\/isfwaterloo\/fr\/admissions-frais\/","og_site_name":"ISF Cr\u00e8che Waterloo","article_publisher":"https:\/\/www.facebook.com\/isfinternationaldaycare\/","article_modified_time":"2025-05-12T21:04:56+00:00","twitter_card":"summary_large_image","twitter_misc":{"Dur\u00e9e de lecture estim\u00e9e":"2 minutes"},"schema":{"@context":"https:\/\/schema.org","@graph":[{"@type":"WebPage","@id":"https:\/\/www.isfdaycare.org\/isfwaterloo\/fr\/admissions-frais\/","url":"https:\/\/www.isfdaycare.org\/isfwaterloo\/fr\/admissions-frais\/","name":"Admissions & Frais - ISF Cr\u00e8che Waterloo","isPartOf":{"@id":"https:\/\/www.isfdaycare.org\/isfwaterloo\/fr\/#website"},"datePublished":"2019-05-19T21:46:28+00:00","dateModified":"2025-05-12T21:04:56+00:00","breadcrumb":{"@id":"https:\/\/www.isfdaycare.org\/isfwaterloo\/fr\/admissions-frais\/#breadcrumb"},"inLanguage":"fr-FR","potentialAction":[{"@type":"ReadAction","target":["https:\/\/www.isfdaycare.org\/isfwaterloo\/fr\/admissions-frais\/"]}]},{"@type":"BreadcrumbList","@id":"https:\/\/www.isfdaycare.org\/isfwaterloo\/fr\/admissions-frais\/#breadcrumb","itemListElement":[{"@type":"ListItem","position":1,"name":"Home","item":"https:\/\/www.isfdaycare.org\/isfwaterloo\/fr\/"},{"@type":"ListItem","position":2,"name":"Admissions &#038; Frais"}]},{"@type":"WebSite","@id":"https:\/\/www.isfdaycare.org\/isfwaterloo\/fr\/#website","url":"https:\/\/www.isfdaycare.org\/isfwaterloo\/fr\/","name":"ISF Cr\u00e8che Waterloo","description":"Grandir, apprendre, briller","publisher":{"@id":"https:\/\/www.isfdaycare.org\/isfwaterloo\/fr\/#organization"},"potentialAction":[{"@type":"SearchAction","target":{"@type":"EntryPoint","urlTemplate":"https:\/\/www.isfdaycare.org\/isfwaterloo\/fr\/?s={search_term_string}"},"query-input":{"@type":"PropertyValueSpecification","valueRequired":true,"valueName":"search_term_string"}}],"inLanguage":"fr-FR"},{"@type":"Organization","@id":"https:\/\/www.isfdaycare.org\/isfwaterloo\/fr\/#organization","name":"ISF Cr\u00e8che Waterloo","url":"https:\/\/www.isfdaycare.org\/isfwaterloo\/fr\/","logo":{"@type":"ImageObject","inLanguage":"fr-FR","@id":"https:\/\/www.isfdaycare.org\/isfwaterloo\/fr\/#\/schema\/logo\/image\/","url":"https:\/\/www.isfdaycare.org\/isfwaterloo\/wp-content\/uploads\/sites\/2\/2019\/06\/cropped-icon-300x300.png","contentUrl":"https:\/\/www.isfdaycare.org\/isfwaterloo\/wp-content\/uploads\/sites\/2\/2019\/06\/cropped-icon-300x300.png","width":300,"height":302,"caption":"ISF Cr\u00e8che Waterloo"},"image":{"@id":"https:\/\/www.isfdaycare.org\/isfwaterloo\/fr\/#\/schema\/logo\/image\/"},"sameAs":["https:\/\/www.facebook.com\/isfinternationaldaycare\/"]}]}},"_links":{"self":[{"href":"https:\/\/www.isfdaycare.org\/isfwaterloo\/fr\/wp-json\/wp\/v2\/pages\/217","targetHints":{"allow":["GET"]}}],"collection":[{"href":"https:\/\/www.isfdaycare.org\/isfwaterloo\/fr\/wp-json\/wp\/v2\/pages"}],"about":[{"href":"https:\/\/www.isfdaycare.org\/isfwaterloo\/fr\/wp-json\/wp\/v2\/types\/page"}],"author":[{"embeddable":true,"href":"https:\/\/www.isfdaycare.org\/isfwaterloo\/fr\/wp-json\/wp\/v2\/users\/1"}],"replies":[{"embeddable":true,"href":"https:\/\/www.isfdaycare.org\/isfwaterloo\/fr\/wp-json\/wp\/v2\/comments?post=217"}],"version-history":[{"count":5,"href":"https:\/\/www.isfdaycare.org\/isfwaterloo\/fr\/wp-json\/wp\/v2\/pages\/217\/revisions"}],"predecessor-version":[{"id":365,"href":"https:\/\/www.isfdaycare.org\/isfwaterloo\/fr\/wp-json\/wp\/v2\/pages\/217\/revisions\/365"}],"wp:attachment":[{"href":"https:\/\/www.isfdaycare.org\/isfwaterloo\/fr\/wp-json\/wp\/v2\/media?parent=217"}],"curies":[{"name":"wp","href":"https:\/\/api.w.org\/{rel}","templated":true}]}}