{"id":640,"date":"2019-05-16T19:24:27","date_gmt":"2019-05-16T19:24:27","guid":{"rendered":"https:\/\/www.isfdaycare.org\/home\/"},"modified":"2021-11-19T19:02:56","modified_gmt":"2021-11-19T19:02:56","slug":"home","status":"publish","type":"page","link":"https:\/\/www.isfdaycare.org\/nl\/","title":{"rendered":"Home"},"content":{"rendered":"<p>[vc_row][vc_column offset=&#8221;vc_hidden-lg vc_hidden-md vc_hidden-sm&#8221; css=&#8221;.vc_custom_1560195778120{padding-top: 25px !important;}&#8221;][vc_single_image image=&#8221;311&#8243; alignment=&#8221;center&#8221;][vc_column_text css=&#8221;.vc_custom_1562010856679{padding-top: 60px !important;padding-bottom: 0px !important;}&#8221;]<\/p>\n<h3 style=\"text-align: center;\"><span style=\"color: #0d2d54;\"><strong>ISF INTERNATIONALE KINDEROPVANG<\/strong><\/span><\/h3>\n<h4 style=\"text-align: center;\"><span style=\"color: #0d2d54;\"><strong>Opgroeien, leren, schitteren<\/strong><\/span><\/h4>\n<p>[\/vc_column_text][\/vc_column][\/vc_row][vc_row css=&#8221;.vc_custom_1560197377418{margin-top: 0px !important;border-top-width: 0px !important;padding-top: 0px !important;background-position: center !important;background-repeat: no-repeat !important;background-size: cover !important;}&#8221;][vc_column offset=&#8221;vc_hidden-xs&#8221; css=&#8221;.vc_custom_1560197551709{margin-top: 0px !important;border-top-width: 0px !important;padding-top: 0px !important;}&#8221;]<div class=\"fullwidth-block clearfix\" style=\"background-image: url(https:\/\/www.isfdaycare.org\/wp-content\/uploads\/2019\/06\/slide2_comp.jpg);background-repeat: no-repeat; background-size: cover;background-position: center top;\">[vc_row_inner equal_height=&#8221;yes&#8221; content_placement=&#8221;top&#8221; el_id=&#8221;home_page_img&#8221; css=&#8221;.vc_custom_1560195182726{padding-top: 50px !important;padding-right: 25px !important;padding-left: 25px !important;}&#8221;][vc_column_inner width=&#8221;1\/6&#8243;][vc_column_text]<\/p>\n<p><img loading=\"lazy\" decoding=\"async\" class=\"vc_single_image-img attachment-thumbnail\" src=\"https:\/\/www.isfdaycare.org\/wp-content\/uploads\/2019\/06\/cropped-icon-180x180-150x150.png\" sizes=\"auto, (max-width: 150px) 100vw, 150px\" srcset=\"https:\/\/www.isfdaycare.org\/wp-content\/uploads\/2019\/06\/cropped-icon-180x180-150x150.png 150w, https:\/\/www.isfdaycare.org\/wp-content\/uploads\/2019\/06\/cropped-icon-180x180.png 180w\" alt=\"\" width=\"150\" height=\"150\" \/>[\/vc_column_text][\/vc_column_inner][vc_column_inner width=&#8221;3\/6&#8243;][vc_column_text css=&#8221;.vc_custom_1562010895905{padding-top: 60px !important;padding-bottom: 0px !important;}&#8221;]<\/p>\n<h2 style=\"text-align: center;\"><span style=\"color: #0d2d54;\"><strong>ISF INTERNATIONALE KINDEROPVANG<\/strong><\/span><\/h2>\n<h3 style=\"text-align: center;\"><span style=\"color: #0d2d54;\">Opgroeien, leren, schitteren<\/span><\/h3>\n<p>[\/vc_column_text][\/vc_column_inner][vc_column_inner width=&#8221;2\/6&#8243;][vc_column_text]<\/p>\n<p>&nbsp;<\/p>\n<p>&nbsp;<\/p>\n<p>&nbsp;<\/p>\n<p>&nbsp;<\/p>\n<p>[\/vc_column_text][\/vc_column_inner][\/vc_row_inner]<\/div>[\/vc_column][\/vc_row][vc_row][vc_column]<div class=\"fullwidth-block clearfix\" style=\"background-position: center top;\">[vc_row_inner css=&#8221;.vc_custom_1560193633011{padding-right: 25px !important;padding-left: 25px !important;}&#8221;][vc_column_inner width=&#8221;1\/3&#8243;][vc_column_text css=&#8221;.vc_custom_1561112388622{padding-top: 25px !important;padding-right: 25px !important;padding-bottom: 25px !important;padding-left: 25px !important;background-color: #103362 !important;border-radius: 10px !important;}&#8221;]<\/p>\n<p style=\"text-align: center;\"><span style=\"color: #ffffff;\">A daycare with a caring, stimulating and safe environment for babies from 6 weeks to 2.5 years.<br \/>\nEnglish, Dutch and French languages offered.<br \/>\nSupervised by Kind &amp; Gezin.<\/span><\/p>\n<p>[\/vc_column_text][\/vc_column_inner][vc_column_inner width=&#8221;1\/3&#8243;][vc_column_text css=&#8221;.vc_custom_1559312917735{padding-top: 25px !important;padding-right: 25px !important;padding-bottom: 25px !important;padding-left: 25px !important;background-color: #103362 !important;border-radius: 10px !important;}&#8221;]<\/p>\n<p style=\"text-align: center;\"><span style=\"color: #ffffff;\">Een kinderopvang met zorgzame, stimulerende en veilige omgeving voor baby\u2019s van 6 weken tot 2.5 jaar.<br \/>\nEngels, Nederlands en Frans.<br \/>\nBegeleid door Kind &amp; Gezin.<br \/>\n<\/span><\/p>\n<p>[\/vc_column_text][\/vc_column_inner][vc_column_inner width=&#8221;1\/3&#8243;][vc_column_text css=&#8221;.vc_custom_1559312925711{padding-top: 25px !important;padding-right: 25px !important;padding-bottom: 25px !important;padding-left: 25px !important;background-color: #103362 !important;border-radius: 10px !important;}&#8221;]<\/p>\n<p style=\"text-align: center;\"><span style=\"color: #ffffff;\">Une cr\u00e8che avec un environnement attentif, stimulant et s\u00fbr pour les b\u00e9b\u00e9s de 6 semaines \u00e0 2.5 ans.<br \/>\nLangues Anglaise, N\u00e9erlandaise et Fran\u00e7aise offertes.<br \/>\nSupervis\u00e9 par Kind &amp; Gezin.<br \/>\n<\/span><\/p>\n<p>[\/vc_column_text][\/vc_column_inner][\/vc_row_inner]<\/div>[\/vc_column][\/vc_row][vc_row][vc_column]<div class=\"fullwidth-block clearfix\" style=\"background-color: #0167b2;background-position: center top;\">[vc_row_inner css=&#8221;.vc_custom_1560193000132{padding-top: 25px !important;padding-right: 25px !important;padding-bottom: 25px !important;padding-left: 25px !important;background-color: #0167b2 !important;}&#8221;][vc_column_inner width=&#8221;1\/2&#8243;][vc_column_text css=&#8221;.vc_custom_1562432616444{padding-top: 25px !important;padding-right: 25px !important;padding-bottom: 25px !important;padding-left: 25px !important;background-color: #ffffff !important;background-position: 0 0 !important;background-repeat: no-repeat !important;border-radius: 10px !important;}&#8221;]<\/p>\n<h3 style=\"text-align: center;\">ISF Internationale KINDEROPVANG Waterloo<\/h3>\n<p><img loading=\"lazy\" decoding=\"async\" class=\"vc_single_image-img attachment-thumbnail aligncenter\" src=\"https:\/\/www.isfdaycare.org\/wp-content\/uploads\/2019\/06\/cropped-icon-180x180-150x150.png\" sizes=\"auto, (max-width: 150px) 100vw, 150px\" srcset=\"https:\/\/www.isfdaycare.org\/wp-content\/uploads\/2019\/06\/cropped-icon-180x180-150x150.png 150w, https:\/\/www.isfdaycare.org\/wp-content\/uploads\/2019\/06\/cropped-icon-180x180.png 180w\" alt=\"\" width=\"150\" height=\"150\" \/><\/p>\n<div class=\"sc-list\">\n<ul>\n<li>15 plaatsen<\/li>\n<li>1:5 verhouding tussen het aantal personeelsleden en kinderen<\/li>\n<li>Meertalig: Engels, Nederlands en Frans<\/li>\n<li>Tarieven op basis van de vrije markt<\/li>\n<li>Open van 7:30 u tot 17:30 u (of tot 18:30 u mits extra vergoeding)<\/li>\n<\/ul>\n<\/div>\n<p style=\"text-align: center;\"><a class=\"sc-button\" style=\"background-color: ##23c9ff;\" href=\"\/isfwaterloo\/kinderopvang-waterloo\/\" target=\"_self\" rel=\"noopener noreferrer\">Lees meer<\/a><\/p>\n<p>[\/vc_column_text][\/vc_column_inner][vc_column_inner width=&#8221;1\/2&#8243;][vc_column_text css=&#8221;.vc_custom_1562432625545{padding-top: 25px !important;padding-right: 25px !important;padding-bottom: 25px !important;padding-left: 25px !important;background-color: #ffffff !important;background-position: 0 0 !important;background-repeat: no-repeat !important;border-radius: 10px !important;}&#8221;]<\/p>\n<h3 style=\"text-align: center;\">ISF ISF Internationale KINDEROPVANG Tervuren<\/h3>\n<p><img loading=\"lazy\" decoding=\"async\" class=\"vc_single_image-img attachment-thumbnail aligncenter\" src=\"https:\/\/www.isfdaycare.org\/wp-content\/uploads\/2019\/06\/cropped-icon-180x180-150x150.png\" sizes=\"auto, (max-width: 150px) 100vw, 150px\" srcset=\"https:\/\/www.isfdaycare.org\/wp-content\/uploads\/2019\/06\/cropped-icon-180x180-150x150.png 150w, https:\/\/www.isfdaycare.org\/wp-content\/uploads\/2019\/06\/cropped-icon-180x180.png 180w\" alt=\"\" width=\"150\" height=\"150\" \/><\/p>\n<div class=\"sc-list\">\n<ul>\n<li>46 plaatsen<\/li>\n<li>1:5 verhouding tussen het aantal personeelsleden en kinderen<\/li>\n<li>Meertalig: Engels, Nederlands en Frans<\/li>\n<li>Tarieven op basis van het inkomen<\/li>\n<li>Open van 7:30 u tot 18:30 u<\/li>\n<\/ul>\n<\/div>\n<p style=\"text-align: center;\"><a class=\"sc-button \" style=\"background-color: ##23c9ff;\" href=\"\/isftervuren\/kinderopvang-tervuren\/\" target=\"_self\" rel=\"noopener noreferrer\">Lees verder<\/a><\/p>\n<p>[\/vc_column_text][\/vc_column_inner][\/vc_row_inner]<\/div>[\/vc_column][\/vc_row][vc_row][vc_column]<div class=\"fullwidth-block clearfix\" style=\"background-position: center top;\">[vc_row_inner css=&#8221;.vc_custom_1560900381084{padding-right: 25px !important;padding-left: 25px !important;}&#8221; el_id=&#8221;findUs&#8221;][vc_column_inner width=&#8221;1\/4&#8243;][vc_column_text]<\/p>\n<h3 style=\"text-align: center;\">Zo vindt u ons<\/h3>\n<p>[\/vc_column_text][vc_column_text]<\/p>\n<p style=\"text-align: left;\"><span style=\"color: #0d2d54; font-size: 25px; font-style: normal; font-weight: bold;\">ISF Internationale KINDEROPVANG Waterloo<\/span><\/p>\n<address style=\"color: #0d2d54; font-size: 17px; font-style: normal; font-weight: bold; display: block; position: relative;\"><a style=\"color: #0d2d54;\" href=\"https:\/\/goo.gl\/maps\/1nmQWttk6PijvRsu8\" target=\"_blank\" rel=\"noopener noreferrer\"> <span class=\"icon\" style=\"color: #23c9ff;\">\ue791<\/span> Waterloosesteenweg 280<br \/>\n1640 Sint-Genesius-Rode<br \/>\nBelgium<\/a><br \/>\n<a style=\"color: #0d2d54;\" href=\"tel:+32473121344\"><span class=\"icon\" style=\"color: #23c9ff;\">\ue812<\/span> +32 473 12 13 44<\/a><br \/>\n<a style=\"color: #0d2d54;\" title=\"Contact ISFWaterloo@isfdaycare.org\" href=\"mailto:ISFWaterloo@isfdaycare.org\"><span class=\"icon\" style=\"color: #23c9ff;\">\ue767<\/span> E-mailadres<\/a><\/address>\n<p><a class=\"sc-button\" href=\"\/nl\/contact\/\" target=\"_self\" rel=\"noopener noreferrer\">Contacteer ons<\/a>[\/vc_column_text]<div class=\"clearboth\"><\/div><div class=\"sc-divider sc-divider-style-2\" style=\"margin-top: 7px;margin-bottom: 20px;border-color: #efefef;\"><\/div>[vc_column_text]<\/p>\n<p style=\"text-align: left;\"><span style=\"color: #0d2d54; font-size: 25px; font-style: normal; font-weight: bold;\">ISF Internationale KINDEROPVANG Tervuren<\/span><\/p>\n<address class=\"aligncenter\" style=\"color: #0d2d54; font-size: 17px; font-style: normal; font-weight: bold; display: block; position: relative;\"><a style=\"color: #0d2d54;\" href=\"https:\/\/goo.gl\/maps\/gBL1ujRnFhrVtaD27\" target=\"_blank\" rel=\"noopener noreferrer\"><span class=\"icon\" style=\"color: #23c9ff;\">\ue791<\/span> Stationsstraat 6<br \/>\n3080 Tervuren<br \/>\nBelgium<\/a><br \/>\n<a style=\"color: #0d2d54;\" href=\"tel:+32470117503\"><span class=\"icon\" style=\"color: #23c9ff;\">\ue812<\/span> +32 470 11 75 03<\/a><br \/>\n<a style=\"color: #0d2d54;\" title=\"Contact ISFTervuren@isfdaycare.org\" href=\"mailto:ISFTervuren@isfdaycare.org\"><span class=\"icon\" style=\"color: #23c9ff;\">\ue767<\/span> E-mailadres<\/a><\/address>\n<p><a class=\"sc-button\" href=\"\/nl\/contact\/\" target=\"_self\" rel=\"noopener noreferrer\">Contacteer ons<\/a>[\/vc_column_text][\/vc_column_inner][vc_column_inner width=&#8221;3\/4&#8243;][vc_gmaps link=&#8221;#E-8_aHR0cHMlM0ElMkYlMkZ3d3cuZ29vZ2xlLmNvbSUyRm1hcHMlMkZkJTJGZW1iZWQlM0ZtaWQlM0QxTkFxallWRUE5WkpBb3JaVlBYSVlOcnhHYXI4cEwyN1AlMjZsbCUzRDUwLjgxMzkxMDIwMDUwOTk0NSUyNTJDNC40MDU3OTc1NTU1OTIzNTglMjZ6JTNEMTE=&#8221; size=&#8221;730&#8243;][\/vc_column_inner][\/vc_row_inner]<\/div>[\/vc_column][\/vc_row]<\/p>\n","protected":false},"excerpt":{"rendered":"<p>[vc_row][vc_column offset=&#8221;vc_hidden-lg vc_hidden-md vc_hidden-sm&#8221; css=&#8221;.vc_custom_1560195778120{padding-top: 25px !important;}&#8221;][vc_single_image image=&#8221;311&#8243; alignment=&#8221;center&#8221;][vc_column_text css=&#8221;.vc_custom_1562010856679{padding-top: 60px !important;padding-bottom: 0px !important;}&#8221;] ISF INTERNATIONALE KINDEROPVANG Opgroeien, leren, schitteren&#8230;<\/p>\n","protected":false},"author":1,"featured_media":0,"parent":0,"menu_order":0,"comment_status":"closed","ping_status":"open","template":"","meta":{"footnotes":""},"class_list":["post-640","page","type-page","status-publish","hentry"],"yoast_head":"<!-- This site is optimized with the Yoast SEO plugin v26.5 - https:\/\/yoast.com\/wordpress\/plugins\/seo\/ -->\n<title>ISF Internationale KINDEROPVANG - Waterloo en Tervuren<\/title>\n<meta name=\"description\" content=\"Een kinderopvang met zorgzame, stimulerende en veilige omgeving voor baby\u2019s van 6 weken tot 2.5 jaar.Engels, Nederlands en Frans.Begeleid door Kind &amp; Gezin.\" \/>\n<meta name=\"robots\" content=\"index, follow, max-snippet:-1, max-image-preview:large, max-video-preview:-1\" \/>\n<link rel=\"canonical\" href=\"https:\/\/www.isfdaycare.org\/nl\/\" \/>\n<meta property=\"og:locale\" content=\"nl_NL\" \/>\n<meta property=\"og:type\" content=\"article\" \/>\n<meta property=\"og:title\" content=\"ISF Internationale KINDEROPVANG - Waterloo en Tervuren\" \/>\n<meta property=\"og:description\" content=\"Een kinderopvang met zorgzame, stimulerende en veilige omgeving voor baby\u2019s van 6 weken tot 2.5 jaar.Engels, Nederlands en Frans.Begeleid door Kind &amp; Gezin.\" \/>\n<meta property=\"og:url\" content=\"https:\/\/www.isfdaycare.org\/nl\/\" \/>\n<meta property=\"og:site_name\" content=\"ISF Internationale KINDEROPVANG\" \/>\n<meta property=\"article:publisher\" content=\"https:\/\/www.facebook.com\/isfinternationaldaycare\/\" \/>\n<meta property=\"article:modified_time\" content=\"2021-11-19T19:02:56+00:00\" \/>\n<meta property=\"og:image\" content=\"https:\/\/www.isfdaycare.org\/wp-content\/uploads\/2019\/06\/cropped-icon-180x180-150x150.png\" \/>\n<meta name=\"twitter:card\" content=\"summary_large_image\" \/>\n<meta name=\"twitter:label1\" content=\"Geschatte leestijd\" \/>\n\t<meta name=\"twitter:data1\" content=\"4 minuten\" \/>\n<script type=\"application\/ld+json\" class=\"yoast-schema-graph\">{\"@context\":\"https:\/\/schema.org\",\"@graph\":[{\"@type\":\"WebPage\",\"@id\":\"https:\/\/www.isfdaycare.org\/nl\/\",\"url\":\"https:\/\/www.isfdaycare.org\/nl\/\",\"name\":\"ISF Internationale KINDEROPVANG - Waterloo en Tervuren\",\"isPartOf\":{\"@id\":\"https:\/\/www.isfdaycare.org\/nl\/#website\"},\"primaryImageOfPage\":{\"@id\":\"https:\/\/www.isfdaycare.org\/nl\/#primaryimage\"},\"image\":{\"@id\":\"https:\/\/www.isfdaycare.org\/nl\/#primaryimage\"},\"thumbnailUrl\":\"https:\/\/www.isfdaycare.org\/wp-content\/uploads\/2019\/06\/cropped-icon-180x180-150x150.png\",\"datePublished\":\"2019-05-16T19:24:27+00:00\",\"dateModified\":\"2021-11-19T19:02:56+00:00\",\"description\":\"Een kinderopvang met zorgzame, stimulerende en veilige omgeving voor baby\u2019s van 6 weken tot 2.5 jaar.Engels, Nederlands en Frans.Begeleid door Kind & Gezin.\",\"breadcrumb\":{\"@id\":\"https:\/\/www.isfdaycare.org\/nl\/#breadcrumb\"},\"inLanguage\":\"nl-NL\",\"potentialAction\":[{\"@type\":\"ReadAction\",\"target\":[\"https:\/\/www.isfdaycare.org\/nl\/\"]}]},{\"@type\":\"ImageObject\",\"inLanguage\":\"nl-NL\",\"@id\":\"https:\/\/www.isfdaycare.org\/nl\/#primaryimage\",\"url\":\"https:\/\/www.isfdaycare.org\/wp-content\/uploads\/2019\/06\/cropped-icon-180x180-150x150.png\",\"contentUrl\":\"https:\/\/www.isfdaycare.org\/wp-content\/uploads\/2019\/06\/cropped-icon-180x180-150x150.png\"},{\"@type\":\"BreadcrumbList\",\"@id\":\"https:\/\/www.isfdaycare.org\/nl\/#breadcrumb\",\"itemListElement\":[{\"@type\":\"ListItem\",\"position\":1,\"name\":\"Home\",\"item\":\"https:\/\/www.isfdaycare.org\/nl\/\"},{\"@type\":\"ListItem\",\"position\":2,\"name\":\"Home\"}]},{\"@type\":\"WebSite\",\"@id\":\"https:\/\/www.isfdaycare.org\/nl\/#website\",\"url\":\"https:\/\/www.isfdaycare.org\/nl\/\",\"name\":\"ISF Internationale KINDEROPVANG\",\"description\":\"Opgroeien, leren, schitteren in Tervuren en Waterloo\",\"publisher\":{\"@id\":\"https:\/\/www.isfdaycare.org\/nl\/#organization\"},\"potentialAction\":[{\"@type\":\"SearchAction\",\"target\":{\"@type\":\"EntryPoint\",\"urlTemplate\":\"https:\/\/www.isfdaycare.org\/nl\/?s={search_term_string}\"},\"query-input\":{\"@type\":\"PropertyValueSpecification\",\"valueRequired\":true,\"valueName\":\"search_term_string\"}}],\"inLanguage\":\"nl-NL\"},{\"@type\":\"Organization\",\"@id\":\"https:\/\/www.isfdaycare.org\/nl\/#organization\",\"name\":\"ISF International DAYCARE\",\"url\":\"https:\/\/www.isfdaycare.org\/nl\/\",\"logo\":{\"@type\":\"ImageObject\",\"inLanguage\":\"nl-NL\",\"@id\":\"https:\/\/www.isfdaycare.org\/nl\/#\/schema\/logo\/image\/\",\"url\":\"https:\/\/www.isfdaycare.org\/wp-content\/uploads\/2019\/06\/cropped-icon-180x180.png\",\"contentUrl\":\"https:\/\/www.isfdaycare.org\/wp-content\/uploads\/2019\/06\/cropped-icon-180x180.png\",\"width\":180,\"height\":180,\"caption\":\"ISF International DAYCARE\"},\"image\":{\"@id\":\"https:\/\/www.isfdaycare.org\/nl\/#\/schema\/logo\/image\/\"},\"sameAs\":[\"https:\/\/www.facebook.com\/isfinternationaldaycare\/\"]}]}<\/script>\n<!-- \/ Yoast SEO plugin. -->","yoast_head_json":{"title":"ISF Internationale KINDEROPVANG - Waterloo en Tervuren","description":"Een kinderopvang met zorgzame, stimulerende en veilige omgeving voor baby\u2019s van 6 weken tot 2.5 jaar.Engels, Nederlands en Frans.Begeleid door Kind & Gezin.","robots":{"index":"index","follow":"follow","max-snippet":"max-snippet:-1","max-image-preview":"max-image-preview:large","max-video-preview":"max-video-preview:-1"},"canonical":"https:\/\/www.isfdaycare.org\/nl\/","og_locale":"nl_NL","og_type":"article","og_title":"ISF Internationale KINDEROPVANG - Waterloo en Tervuren","og_description":"Een kinderopvang met zorgzame, stimulerende en veilige omgeving voor baby\u2019s van 6 weken tot 2.5 jaar.Engels, Nederlands en Frans.Begeleid door Kind & Gezin.","og_url":"https:\/\/www.isfdaycare.org\/nl\/","og_site_name":"ISF Internationale KINDEROPVANG","article_publisher":"https:\/\/www.facebook.com\/isfinternationaldaycare\/","article_modified_time":"2021-11-19T19:02:56+00:00","og_image":[{"url":"https:\/\/www.isfdaycare.org\/wp-content\/uploads\/2019\/06\/cropped-icon-180x180-150x150.png","type":"","width":"","height":""}],"twitter_card":"summary_large_image","twitter_misc":{"Geschatte leestijd":"4 minuten"},"schema":{"@context":"https:\/\/schema.org","@graph":[{"@type":"WebPage","@id":"https:\/\/www.isfdaycare.org\/nl\/","url":"https:\/\/www.isfdaycare.org\/nl\/","name":"ISF Internationale KINDEROPVANG - Waterloo en Tervuren","isPartOf":{"@id":"https:\/\/www.isfdaycare.org\/nl\/#website"},"primaryImageOfPage":{"@id":"https:\/\/www.isfdaycare.org\/nl\/#primaryimage"},"image":{"@id":"https:\/\/www.isfdaycare.org\/nl\/#primaryimage"},"thumbnailUrl":"https:\/\/www.isfdaycare.org\/wp-content\/uploads\/2019\/06\/cropped-icon-180x180-150x150.png","datePublished":"2019-05-16T19:24:27+00:00","dateModified":"2021-11-19T19:02:56+00:00","description":"Een kinderopvang met zorgzame, stimulerende en veilige omgeving voor baby\u2019s van 6 weken tot 2.5 jaar.Engels, Nederlands en Frans.Begeleid door Kind & Gezin.","breadcrumb":{"@id":"https:\/\/www.isfdaycare.org\/nl\/#breadcrumb"},"inLanguage":"nl-NL","potentialAction":[{"@type":"ReadAction","target":["https:\/\/www.isfdaycare.org\/nl\/"]}]},{"@type":"ImageObject","inLanguage":"nl-NL","@id":"https:\/\/www.isfdaycare.org\/nl\/#primaryimage","url":"https:\/\/www.isfdaycare.org\/wp-content\/uploads\/2019\/06\/cropped-icon-180x180-150x150.png","contentUrl":"https:\/\/www.isfdaycare.org\/wp-content\/uploads\/2019\/06\/cropped-icon-180x180-150x150.png"},{"@type":"BreadcrumbList","@id":"https:\/\/www.isfdaycare.org\/nl\/#breadcrumb","itemListElement":[{"@type":"ListItem","position":1,"name":"Home","item":"https:\/\/www.isfdaycare.org\/nl\/"},{"@type":"ListItem","position":2,"name":"Home"}]},{"@type":"WebSite","@id":"https:\/\/www.isfdaycare.org\/nl\/#website","url":"https:\/\/www.isfdaycare.org\/nl\/","name":"ISF Internationale KINDEROPVANG","description":"Opgroeien, leren, schitteren in Tervuren en Waterloo","publisher":{"@id":"https:\/\/www.isfdaycare.org\/nl\/#organization"},"potentialAction":[{"@type":"SearchAction","target":{"@type":"EntryPoint","urlTemplate":"https:\/\/www.isfdaycare.org\/nl\/?s={search_term_string}"},"query-input":{"@type":"PropertyValueSpecification","valueRequired":true,"valueName":"search_term_string"}}],"inLanguage":"nl-NL"},{"@type":"Organization","@id":"https:\/\/www.isfdaycare.org\/nl\/#organization","name":"ISF International DAYCARE","url":"https:\/\/www.isfdaycare.org\/nl\/","logo":{"@type":"ImageObject","inLanguage":"nl-NL","@id":"https:\/\/www.isfdaycare.org\/nl\/#\/schema\/logo\/image\/","url":"https:\/\/www.isfdaycare.org\/wp-content\/uploads\/2019\/06\/cropped-icon-180x180.png","contentUrl":"https:\/\/www.isfdaycare.org\/wp-content\/uploads\/2019\/06\/cropped-icon-180x180.png","width":180,"height":180,"caption":"ISF International DAYCARE"},"image":{"@id":"https:\/\/www.isfdaycare.org\/nl\/#\/schema\/logo\/image\/"},"sameAs":["https:\/\/www.facebook.com\/isfinternationaldaycare\/"]}]}},"_links":{"self":[{"href":"https:\/\/www.isfdaycare.org\/nl\/wp-json\/wp\/v2\/pages\/640","targetHints":{"allow":["GET"]}}],"collection":[{"href":"https:\/\/www.isfdaycare.org\/nl\/wp-json\/wp\/v2\/pages"}],"about":[{"href":"https:\/\/www.isfdaycare.org\/nl\/wp-json\/wp\/v2\/types\/page"}],"author":[{"embeddable":true,"href":"https:\/\/www.isfdaycare.org\/nl\/wp-json\/wp\/v2\/users\/1"}],"replies":[{"embeddable":true,"href":"https:\/\/www.isfdaycare.org\/nl\/wp-json\/wp\/v2\/comments?post=640"}],"version-history":[{"count":0,"href":"https:\/\/www.isfdaycare.org\/nl\/wp-json\/wp\/v2\/pages\/640\/revisions"}],"wp:attachment":[{"href":"https:\/\/www.isfdaycare.org\/nl\/wp-json\/wp\/v2\/media?parent=640"}],"curies":[{"name":"wp","href":"https:\/\/api.w.org\/{rel}","templated":true}]}}